{"id":130,"date":"2015-09-30T09:49:11","date_gmt":"2015-09-30T07:49:11","guid":{"rendered":"http:\/\/import.getbowtied.com\/the-retailer-v1.1\/?page_id=130"},"modified":"2020-07-28T16:15:50","modified_gmt":"2020-07-28T14:15:50","slug":"faqs","status":"publish","type":"page","link":"https:\/\/alquienvasplastic.com\/fr\/faqs\/","title":{"rendered":"Faqs"},"content":{"rendered":"<p>[vc_row css=&#8221;.vc_custom_1498415176708{padding-top: 4% !important;padding-bottom: 4% !important;background-color: #315e94 !important;background-position: center !important;background-repeat: no-repeat !important;background-size: cover !important;}&#8221; background_style=&#8221;normal&#8221; font_color=&#8221;#ffffff&#8221;][vc_column 0=&#8221;&#8221;][vc_row_inner type=&#8221;boxed&#8221;][vc_column_inner 0=&#8221;&#8221;]    \n    <div class=\"title_subtitle\" style=\"text-align:center\">\n        <h3 style=\"color:#ffffff !important; font-size:40px\">FAQS - Questions fr\u00e9quentes<\/h3>\n        <hr class=\"title_subtitle_separator\" style=\"border-bottom-color:#ffffff\"><\/hr>        <h4 style=\"color:#ffffff !important; font-size:15px\">Ici, nous r\u00e9pondons \u00e0 toutes les questions possibles. Vous ne trouvez pas la solution que vous cherchez s'il vous pla\u00eet nous contacter<\/h4>    <\/div>\n\n\t[\/vc_column_inner][\/vc_row_inner][\/vc_column][\/vc_row][vc_row type=&#8221;boxed&#8221; background_style=&#8221;normal&#8221; css=&#8221;.vc_custom_1404742475971{margin-top: 75px !important;}&#8221;][vc_column width=&#8221;1\/4&#8243;]    \n    <div class=\"title_subtitle\" style=\"text-align:left\">\n        <h3 style=\"color:#315e94 !important; font-size:24px\">Mati\u00e8re<\/h3>\n        <hr class=\"title_subtitle_separator\" style=\"border-bottom-color:#315e94\"><\/hr>            <\/div>\n\n\t[\/vc_column][vc_column width=&#8221;3\/4&#8243;][vc_tta_accordion shape=&#8221;square&#8221; color=&#8221;white&#8221; c_icon=&#8221;chevron&#8221; active_section=&#8221;1&#8243; no_fill=&#8221;true&#8221;][vc_tta_section title=&#8221;Quel est le bois de plastimadera ou en plastique?&#8221; tab_id=&#8221;1435912969194-860fc9af-a813&#8243;][vc_column_text 0=&#8221;&#8221;]<\/p>\n<p style=\"text-align: justify;\">Le bois de <strong>plastimadera<\/strong> ou de plastique est un mat\u00e9riau compos\u00e9 de 100% de plastique recycl\u00e9 qui pr\u00e9sente de nombreux avantages par rapport au bois naturel: (avantatges liste) &#8230; En Espagne, le bois en plastique d\u00e9nomination est \u00e9galement utilis\u00e9 pour d\u00e9signer un mat\u00e9riau de qualit\u00e9 inf\u00e9rieure &#8230; (Plastica expliquer le fouet)<\/p>\n<p>[\/vc_column_text][\/vc_tta_section][vc_tta_section title=&#8221;Puis-je acheter des produits Alqui-Envas?&#8221; tab_id=&#8221;1435912969710-460c83b5-290b&#8221;][vc_column_text 0=&#8221;&#8221;]<\/p>\n<p style=\"text-align: justify;\">Bien s\u00fbr, vous pouvez nous envoyer une commande par t\u00e9l\u00e9phone au 973 58 60 67, ou en utilisant notre paiement de la passerelle d&#8217;application en ligne par carte de cr\u00e9dit ou virement bancaire.<\/p>\n<p>[\/vc_column_text][\/vc_tta_section][\/vc_tta_accordion][\/vc_column][\/vc_row][vc_row css=&#8221;.vc_custom_1404801462081{margin-top: 75px !important;}&#8221; background_style=&#8221;normal&#8221;][vc_column 0=&#8221;&#8221;][vc_separator 0=&#8221;&#8221;][\/vc_column][\/vc_row][vc_row type=&#8221;boxed&#8221; background_style=&#8221;normal&#8221; css=&#8221;.vc_custom_1404742510204{margin-top: 75px !important;}&#8221;][vc_column width=&#8221;1\/4&#8243;]    \n    <div class=\"title_subtitle\" style=\"text-align:left\">\n        <h3 style=\"color:#315e94 !important; font-size:24px\">Application<\/h3>\n        <hr class=\"title_subtitle_separator\" style=\"border-bottom-color:#315e94\"><\/hr>            <\/div>\n\n\t[\/vc_column][vc_column width=&#8221;3\/4&#8243;][vc_tta_accordion shape=&#8221;square&#8221; color=&#8221;white&#8221; c_icon=&#8221;chevron&#8221; active_section=&#8221;1&#8243; no_fill=&#8221;true&#8221;][vc_tta_section title=&#8221;Quels sont les avantages de meubles en plastique 100% recycl\u00e9 ?&#8221; tab_id=&#8221;1435913705259-76210349-7fde&#8221;][vc_column_text 0=&#8221;&#8221;]<\/p>\n<p style=\"text-align: justify;\">Les avantages de meubles en plastique sont recycl\u00e9s \u00e0 100% &#8230; (avantatges liste)<\/p>\n<p>[\/vc_column_text][\/vc_tta_section][\/vc_tta_accordion][\/vc_column][\/vc_row][vc_row css=&#8221;.vc_custom_1404801462081{margin-top: 75px !important;}&#8221; background_style=&#8221;normal&#8221;][vc_column 0=&#8221;&#8221;][vc_separator 0=&#8221;&#8221;][\/vc_column][\/vc_row][vc_row type=&#8221;boxed&#8221; background_style=&#8221;normal&#8221; css=&#8221;.vc_custom_1404742510204{margin-top: 75px !important;}&#8221;][vc_column width=&#8221;1\/4&#8243;]    \n    <div class=\"title_subtitle\" style=\"text-align:left\">\n        <h3 style=\"color:#315e94 !important; font-size:24px\">Produits<\/h3>\n        <hr class=\"title_subtitle_separator\" style=\"border-bottom-color:#315e94\"><\/hr>            <\/div>\n\n\t[\/vc_column][vc_column width=&#8221;3\/4&#8243;][vc_tta_accordion shape=&#8221;square&#8221; color=&#8221;white&#8221; c_icon=&#8221;chevron&#8221; active_section=&#8221;1&#8243; no_fill=&#8221;true&#8221;][vc_tta_section title=&#8221;Quelles mesures ont des postes de plastimadera?&#8221; tab_id=&#8221;1499872382938-2638ae4b-2416&#8243;][vc_column_text 0=&#8221;&#8221;]<\/p>\n<p style=\"text-align: justify;\"><strong>Plastimadera<\/strong> p\u00f4les, de 100% de plastique recycl\u00e9, peuvent avoir des \u00e9paisseurs diff\u00e9rentes et les mesures \u00e0 la fois en longueur. Avez-vous des postes de <strong>plastimadera<\/strong> (nom de l&#8217;entreprise ou une marque) allant de &#8230; (expliquer Mid\u00e8s)<\/p>\n<p>[\/vc_column_text][\/vc_tta_section][\/vc_tta_accordion][\/vc_column][\/vc_row][vc_row css=&#8221;.vc_custom_1497717830532{margin-top: 75px !important;padding-top: 25px !important;padding-bottom: 25px !important;background-color: #315e94 !important;}&#8221; background_style=&#8221;normal&#8221;][vc_column 0=&#8221;&#8221;]    \n    <div class=\"title_subtitle\" style=\"text-align:center\">\n        <h3 style=\"color:#ffffff !important; font-size:24px\">Avez-vous d'autres questions?<\/h3>\n                    <\/div>\n\n\t[vc_btn title=&#8221;Contactez-nous&#8221; style=&#8221;flat&#8221; shape=&#8221;square&#8221; size=&#8221;lg&#8221; align=&#8221;center&#8221; link=&#8221;url:https%3A%2F%2Falquienvasplastic.com%2Fcontacta%2F|||&#8221;][\/vc_column][\/vc_row]<\/p>","protected":false},"excerpt":{"rendered":"<p>[vc_row css=&#8221;.vc_custom_1498415176708{padding-top: 4% !important;padding-bottom: 4% !important;background-color: #315e94 !important;background-position: center !important;background-repeat: no-repeat !important;background-size: cover !important;}&#8221; background_style=&#8221;normal&#8221; font_color=&#8221;#ffffff&#8221;][vc_column 0=&#8221;&#8221;][vc_row_inner type=&#8221;boxed&#8221;][vc_column_inner 0=&#8221;&#8221;][\/vc_column_inner][\/vc_row_inner][\/vc_column][\/vc_row][vc_row type=&#8221;boxed&#8221; background_style=&#8221;normal&#8221; css=&#8221;.vc_custom_1404742475971{margin-top: 75px !important;}&#8221;][vc_column width=&#8221;1\/4&#8243;][\/vc_column][vc_column width=&#8221;3\/4&#8243;][vc_tta_accordion shape=&#8221;square&#8221; color=&#8221;white&#8221; c_icon=&#8221;chevron&#8221; active_section=&#8221;1&#8243; no_fill=&#8221;true&#8221;][vc_tta_section title=&#8221;Quel est le bois de plastimadera ou en plastique?&#8221; tab_id=&#8221;1435912969194-860fc9af-a813&#8243;][vc_column_text 0=&#8221;&#8221;] Le bois de plastimadera ou de plastique est un mat\u00e9riau compos\u00e9 de 100% [&hellip;]<\/p>\n","protected":false},"author":3,"featured_media":0,"parent":0,"menu_order":0,"comment_status":"closed","ping_status":"closed","template":"page-full_single_footer.php","meta":{"footnotes":""},"class_list":["post-130","page","type-page","status-publish","hentry"],"_links":{"self":[{"href":"https:\/\/alquienvasplastic.com\/fr\/wp-json\/wp\/v2\/pages\/130"}],"collection":[{"href":"https:\/\/alquienvasplastic.com\/fr\/wp-json\/wp\/v2\/pages"}],"about":[{"href":"https:\/\/alquienvasplastic.com\/fr\/wp-json\/wp\/v2\/types\/page"}],"author":[{"embeddable":true,"href":"https:\/\/alquienvasplastic.com\/fr\/wp-json\/wp\/v2\/users\/3"}],"replies":[{"embeddable":true,"href":"https:\/\/alquienvasplastic.com\/fr\/wp-json\/wp\/v2\/comments?post=130"}],"version-history":[{"count":0,"href":"https:\/\/alquienvasplastic.com\/fr\/wp-json\/wp\/v2\/pages\/130\/revisions"}],"wp:attachment":[{"href":"https:\/\/alquienvasplastic.com\/fr\/wp-json\/wp\/v2\/media?parent=130"}],"curies":[{"name":"wp","href":"https:\/\/api.w.org\/{rel}","templated":true}]}}