{"id":953,"date":"2017-08-06T12:26:27","date_gmt":"2017-08-06T10:26:27","guid":{"rendered":"https:\/\/alquienvasplastic.com\/?post_type=product&#038;p=953"},"modified":"2020-12-28T19:38:36","modified_gmt":"2020-12-28T17:38:36","slug":"plato-guarda-neumaticos","status":"publish","type":"product","link":"https:\/\/alquienvasplastic.com\/ca\/catalogo\/plato-guarda-neumaticos\/","title":{"rendered":"Plat guarda-pneumatics"},"content":{"rendered":"<p>Aquests plats s\u00f3n la soluci\u00f3 professional per emmagatzemar pn\u00e8umatics durant tot l\u2019any, tant a l\u2019estiu com a l\u2019hivern. Tenen una superf\u00edcie de contacte llisa que protegeix les llantes de qualsevol desperfecte. Ideal per a distribu\u00efdors, ag\u00e8ncies automobil\u00edstiques i ind\u00fastria.<\/p>\n<p>S\u00f3n peces lleugeres i de gran utilitat per al transport de llantes i rodes, protegint-les sempre de cops i rascades.<\/p>","protected":false},"excerpt":{"rendered":"<p><strong>Apilar i emmagatzemar estalviant espai<\/strong><\/p>\n","protected":false},"featured_media":954,"template":"","meta":[],"class_list":["post-953","product","type-product","status-publish","has-post-thumbnail","hentry","product_cat-edificacion","product_cat-industria"],"_links":{"self":[{"href":"https:\/\/alquienvasplastic.com\/ca\/wp-json\/wp\/v2\/product\/953"}],"collection":[{"href":"https:\/\/alquienvasplastic.com\/ca\/wp-json\/wp\/v2\/product"}],"about":[{"href":"https:\/\/alquienvasplastic.com\/ca\/wp-json\/wp\/v2\/types\/product"}],"wp:featuredmedia":[{"embeddable":true,"href":"https:\/\/alquienvasplastic.com\/ca\/wp-json\/wp\/v2\/media\/954"}],"wp:attachment":[{"href":"https:\/\/alquienvasplastic.com\/ca\/wp-json\/wp\/v2\/media?parent=953"}],"curies":[{"name":"wp","href":"https:\/\/api.w.org\/{rel}","templated":true}]}}