{"id":932,"date":"2017-08-06T11:39:14","date_gmt":"2017-08-06T09:39:14","guid":{"rendered":"https:\/\/alquienvasplastic.com\/?post_type=product&#038;p=932"},"modified":"2020-12-28T19:38:37","modified_gmt":"2020-12-28T17:38:37","slug":"canaleta-de-ventilacion","status":"publish","type":"product","link":"https:\/\/alquienvasplastic.com\/ca\/catalogo\/canaleta-de-ventilacion\/","title":{"rendered":"Canaleta de ventilaci\u00f3"},"content":{"rendered":"<p><strong>Robusta i econ\u00f2mica.<\/strong><br \/>\nUna canaleta f\u00e0cil de integrar en molts sistemes i processos t\u00e8cnics, com podrien ser plantes de compostatge, en sistemes de ventilaci\u00f3, etc. S\u00f3n resistents als alcalins i als \u00e0cids, i neutrals als efectes de l\u2019aigua i la humitat.<\/p>\n<p>De mecanitzaci\u00f3 senzilla amb eines convencionals, amb un efectiu sistema de interconnexi\u00f3.<\/p>\n<p>Est\u00e0 disponible en versions de connexi\u00f3 a tuberies i peces terminals.<\/p>","protected":false},"excerpt":{"rendered":"<h4 style=\"margin-bottom: 2%;\">MESURES (llarg x ample x alt):<\/h4>\n<table style=\"background-color: white;\" cellspacing=\"2px\">\n<tbody>\n<tr>\n<td style=\"vertical-align: top; background-color: rgb(204, 204, 204);\">100 x 37,3 x 20,5<\/td>\n<\/tr>\n<\/tbody>\n<\/table>\n","protected":false},"featured_media":933,"template":"","meta":[],"class_list":["post-932","product","type-product","status-publish","has-post-thumbnail","hentry","product_cat-edificacion","product_cat-industria"],"_links":{"self":[{"href":"https:\/\/alquienvasplastic.com\/ca\/wp-json\/wp\/v2\/product\/932"}],"collection":[{"href":"https:\/\/alquienvasplastic.com\/ca\/wp-json\/wp\/v2\/product"}],"about":[{"href":"https:\/\/alquienvasplastic.com\/ca\/wp-json\/wp\/v2\/types\/product"}],"wp:featuredmedia":[{"embeddable":true,"href":"https:\/\/alquienvasplastic.com\/ca\/wp-json\/wp\/v2\/media\/933"}],"wp:attachment":[{"href":"https:\/\/alquienvasplastic.com\/ca\/wp-json\/wp\/v2\/media?parent=932"}],"curies":[{"name":"wp","href":"https:\/\/api.w.org\/{rel}","templated":true}]}}