{"id":912,"date":"2017-08-06T12:30:14","date_gmt":"2017-08-06T10:30:14","guid":{"rendered":"https:\/\/alquienvasplastic.com\/?post_type=product&#038;p=912"},"modified":"2022-03-07T19:58:29","modified_gmt":"2022-03-07T17:58:29","slug":"tablon-machihembrado-reforzado","status":"publish","type":"product","link":"https:\/\/alquienvasplastic.com\/ca\/catalogo\/tablon-machihembrado-reforzado\/","title":{"rendered":"Taul\u00f3 encadellat refor\u00e7at de pl\u00e0stic reciclat"},"content":{"rendered":"<p><\/p>\n<h3>MESURES<\/h3>\n<h3>4,2 x 20 cm<\/h3>\n<div class=\"datagrid\">\n<table>\n<thead>\n<tr>\n<th>Llarg<\/th>\n<th>Color<\/th>\n<th>Pes<\/th>\n<th>Refer\u00e8ncia<\/th>\n<th>Unitats per palet<\/th>\n<\/tr>\n<\/thead>\n<tbody>\n<tr class=\"notfirst\">\n<td>250 cm<\/td>\n<td>gris<\/td>\n<td>22,5 kg aprox.<\/td>\n<td>AG4220250<\/td>\n<td>60<\/td>\n<\/tr>\n<tr class=\"notfirst\">\n<td>250 cm<\/td>\n<td>marr\u00f3<\/td>\n<td>22,5 kg aprox.<\/td>\n<td>AB4220250<\/td>\n<td>60<\/td>\n<\/tr>\n<\/tbody>\n<\/table>\n<\/div>\n<p>&nbsp;<\/p>","protected":false},"excerpt":{"rendered":"<p>Colors disponibles:<\/p>\n<table>\n<tbody>\n<tr>\n<td style=\"vertical-align: top; background-color: #66544a; height: 40px; width: 40px;\"><\/td>\n<td style=\"vertical-align: top; background-color: #7f8082; height: 40px; width: 40px;\"><\/td>\n<\/tr>\n<\/tbody>\n<\/table>\n<p>[vc_empty_space height=&#8221;40px&#8221;]<\/p>\n<h4 style=\"margin-bottom: 2%;\">MESURES (llarg x ample):<\/h4>\n<table style=\"background-color: white;\" cellspacing=\"2px\">\n<tbody>\n<tr>\n<td style=\"vertical-align: top; background-color: #cccccc;\">4,2 x 20 cm<\/td>\n<\/tr>\n<\/tbody>\n<\/table>\n","protected":false},"featured_media":913,"template":"","meta":[],"class_list":["post-912","product","type-product","status-publish","has-post-thumbnail","hentry","product_cat-edificacion","product_cat-tablones-y-travesanos-plastico-reciclado","product_tag-tablones-de-plastico-reciclado"],"_links":{"self":[{"href":"https:\/\/alquienvasplastic.com\/ca\/wp-json\/wp\/v2\/product\/912"}],"collection":[{"href":"https:\/\/alquienvasplastic.com\/ca\/wp-json\/wp\/v2\/product"}],"about":[{"href":"https:\/\/alquienvasplastic.com\/ca\/wp-json\/wp\/v2\/types\/product"}],"wp:featuredmedia":[{"embeddable":true,"href":"https:\/\/alquienvasplastic.com\/ca\/wp-json\/wp\/v2\/media\/913"}],"wp:attachment":[{"href":"https:\/\/alquienvasplastic.com\/ca\/wp-json\/wp\/v2\/media?parent=912"}],"curies":[{"name":"wp","href":"https:\/\/api.w.org\/{rel}","templated":true}]}}