{"id":4654,"date":"2024-03-05T17:02:42","date_gmt":"2024-03-05T15:02:42","guid":{"rendered":"https:\/\/alquienvasplastic.com\/?post_type=product&#038;p=4654"},"modified":"2024-07-16T09:34:16","modified_gmt":"2024-07-16T07:34:16","slug":"banco-smart-modular-con-plastico-reciclado","status":"publish","type":"product","link":"https:\/\/alquienvasplastic.com\/ca\/catalogo\/banco-smart-modular-con-plastico-reciclado\/","title":{"rendered":"Banc Smart M amb pl\u00e0stic reciclat"},"content":{"rendered":"<p>CARACTER\u00cdSTIQUES T\u00c8CNIQUES :<\/p>\n<p>M\u00f2dul fotovoltaic: Monocristal\u00b7l\u00ed de 110W de pot\u00e8ncia.<br \/>\nBateries: tipus AGM \/ Capacitat: fins a 0,72 kWh.<br \/>\nSistema de refrigeraci\u00f3: Flux daire: 170 m3\/h, Temperatura de tret: 38C.<br \/>\nC\u00e0rrega USB: 2 ports 5W i 2,2W.<br \/>\nC\u00e0rrega sense fil: Pot\u00e8ncia 20W \/ Efici\u00e8ncia superior al 80%.<\/p>","protected":false},"excerpt":{"rendered":"<p class=\"qtranxs-available-languages-message qtranxs-available-languages-message-ca\">Ho sentim, aquesta entrada es troba disponible \u00fanicament en <a href=\"https:\/\/alquienvasplastic.com\/es\/wp-json\/wp\/v2\/product\/4654\" class=\"qtranxs-available-language-link qtranxs-available-language-link-es\" title=\"Espa\u00f1ol\">Espa\u00f1ol<\/a>, <a href=\"https:\/\/alquienvasplastic.com\/en\/wp-json\/wp\/v2\/product\/4654\" class=\"qtranxs-available-language-link qtranxs-available-language-link-en\" title=\"English\">English<\/a>, <a href=\"https:\/\/alquienvasplastic.com\/fr\/wp-json\/wp\/v2\/product\/4654\" class=\"qtranxs-available-language-link qtranxs-available-language-link-fr\" title=\"Fran\u00e7ais\">Fran\u00e7ais<\/a> i <a href=\"https:\/\/alquienvasplastic.com\/it\/wp-json\/wp\/v2\/product\/4654\" class=\"qtranxs-available-language-link qtranxs-available-language-link-it\" title=\"Italiano\">Italiano<\/a>.<\/p>\n","protected":false},"featured_media":4659,"template":"","meta":[],"class_list":["post-4654","product","type-product","status-publish","has-post-thumbnail","hentry","product_cat-mobiliario-urbano-plastico-reciclado","product_cat-bancos-plastico-reciclado","product_tag-bancos-plastico-reciclado","product_tag-mobiliario-urbano"],"_links":{"self":[{"href":"https:\/\/alquienvasplastic.com\/ca\/wp-json\/wp\/v2\/product\/4654"}],"collection":[{"href":"https:\/\/alquienvasplastic.com\/ca\/wp-json\/wp\/v2\/product"}],"about":[{"href":"https:\/\/alquienvasplastic.com\/ca\/wp-json\/wp\/v2\/types\/product"}],"wp:featuredmedia":[{"embeddable":true,"href":"https:\/\/alquienvasplastic.com\/ca\/wp-json\/wp\/v2\/media\/4659"}],"wp:attachment":[{"href":"https:\/\/alquienvasplastic.com\/ca\/wp-json\/wp\/v2\/media?parent=4654"}],"curies":[{"name":"wp","href":"https:\/\/api.w.org\/{rel}","templated":true}]}}