{"id":4623,"date":"2024-01-17T14:42:54","date_gmt":"2024-01-17T12:42:54","guid":{"rendered":"https:\/\/alquienvasplastic.com\/?post_type=product&#038;p=4623"},"modified":"2024-01-17T14:45:14","modified_gmt":"2024-01-17T12:45:14","slug":"banco-infantil-baby","status":"publish","type":"product","link":"https:\/\/alquienvasplastic.com\/ca\/catalogo\/banco-infantil-baby\/","title":{"rendered":"Banc Baby infantil"},"content":{"rendered":"<p>Compost per:<br \/>\n\u2022 3 peus de secci\u00f3 quadrada 50&#215;50 mm;<br \/>\n\u2022 Estructura portant de secci\u00f3 quadrada de 50&#215;50 mm;<br \/>\n\u2022 Seient i respatller<br \/>\n\u2022 Refor\u00e7os de secci\u00f3 central amb secci\u00f3 quadrada de 50&#215;50 mm per donar m\u00e9s solidesa global.<\/p>","protected":false},"excerpt":{"rendered":"<p>Compost per: \u2022 3 peus de secci\u00f3 quadrada 50&#215;50 mm; \u2022 Estructura portant de secci\u00f3 quadrada de 50&#215;50 mm; \u2022 Seient i respatller \u2022 Refor\u00e7os de secci\u00f3 central amb secci\u00f3 quadrada de 50&#215;50 mm per donar m\u00e9s solidesa global.<\/p>\n","protected":false},"featured_media":4627,"template":"","meta":[],"class_list":["post-4623","product","type-product","status-publish","has-post-thumbnail","hentry","product_cat-parques-infantiles-plastico-reciclado","product_cat-bancos-infantiles-plastico-reciclado","product_tag-juegos-plastico-reciclado","product_tag-mesas-plastico-reciclado"],"_links":{"self":[{"href":"https:\/\/alquienvasplastic.com\/ca\/wp-json\/wp\/v2\/product\/4623"}],"collection":[{"href":"https:\/\/alquienvasplastic.com\/ca\/wp-json\/wp\/v2\/product"}],"about":[{"href":"https:\/\/alquienvasplastic.com\/ca\/wp-json\/wp\/v2\/types\/product"}],"wp:featuredmedia":[{"embeddable":true,"href":"https:\/\/alquienvasplastic.com\/ca\/wp-json\/wp\/v2\/media\/4627"}],"wp:attachment":[{"href":"https:\/\/alquienvasplastic.com\/ca\/wp-json\/wp\/v2\/media?parent=4623"}],"curies":[{"name":"wp","href":"https:\/\/api.w.org\/{rel}","templated":true}]}}