{"id":4603,"date":"2024-01-17T13:48:09","date_gmt":"2024-01-17T11:48:09","guid":{"rendered":"https:\/\/alquienvasplastic.com\/?post_type=product&#038;p=4603"},"modified":"2024-02-13T16:20:14","modified_gmt":"2024-02-13T14:20:14","slug":"juego-inclusivo-infantil","status":"publish","type":"product","link":"https:\/\/alquienvasplastic.com\/ca\/catalogo\/juego-inclusivo-infantil\/","title":{"rendered":"Joc Inclusiu"},"content":{"rendered":"","protected":false},"excerpt":{"rendered":"<p>Jutge apte per a tots els nens i compost per una torre a qu\u00e8 s&#8217;accedeix mitjan\u00e7ant grans esglaons, un terra amb 6 llocs de joc sensorial i una rampa d&#8217;acc\u00e9s amb un 3% d&#8217;inclinaci\u00f3, apta per a acc\u00e9s amb cadira de rodes.<\/p>\n","protected":false},"featured_media":4605,"template":"","meta":[],"class_list":["post-4603","product","type-product","status-publish","has-post-thumbnail","hentry","product_cat-juegos-infantiles-plastico-reciclado","product_tag-juegos-plastico-reciclado"],"_links":{"self":[{"href":"https:\/\/alquienvasplastic.com\/ca\/wp-json\/wp\/v2\/product\/4603"}],"collection":[{"href":"https:\/\/alquienvasplastic.com\/ca\/wp-json\/wp\/v2\/product"}],"about":[{"href":"https:\/\/alquienvasplastic.com\/ca\/wp-json\/wp\/v2\/types\/product"}],"wp:featuredmedia":[{"embeddable":true,"href":"https:\/\/alquienvasplastic.com\/ca\/wp-json\/wp\/v2\/media\/4605"}],"wp:attachment":[{"href":"https:\/\/alquienvasplastic.com\/ca\/wp-json\/wp\/v2\/media?parent=4603"}],"curies":[{"name":"wp","href":"https:\/\/api.w.org\/{rel}","templated":true}]}}