{"id":4482,"date":"2023-07-11T07:35:24","date_gmt":"2023-07-11T05:35:24","guid":{"rendered":"https:\/\/alquienvasplastic.com\/?post_type=product&#038;p=4482"},"modified":"2024-10-17T15:20:02","modified_gmt":"2024-10-17T13:20:02","slug":"panel-19-cm-en-plastico-reciclado","status":"publish","type":"product","link":"https:\/\/alquienvasplastic.com\/ca\/catalogo\/panel-19-cm-en-plastico-reciclado\/","title":{"rendered":"Panell tipus aglomerat de pl\u00e0stic reciclat"},"content":{"rendered":"<p>El panell Board \u00e9s un panell vers\u00e0til i robust amb una capa interna gruixuda<br \/>\ni una capa exterior fina i llisa. \u00c9s una excel\u00b7lent alternativa a la fusta<br \/>\npanells i t\u00e9 excel\u00b7lents propietats per al seu \u00fas en tot tipus de construcci\u00f3<br \/>\naplicacions.<br \/>\nF\u00e0cils de manejar i amb una vida extra llarga, aquests panells de pl\u00e0stic tenen<br \/>\ndemostrat que \u00e9s resistent a l&#8217;aigua i a la humitat alhora que \u00e9s a prova d&#8217;estella,<br \/>\nsense manteniment i a prova de putrefacci\u00f3.<br \/>\nEls panells de tauler es poden processar de la mateixa manera que la fusta:<br \/>\nperforaci\u00f3, fresat i serrat. Es poden connectar mitjan\u00e7ant cargols<br \/>\ni accessoris de connexi\u00f3.<br \/>\nEstan disponibles en amplades de 12 mm i 19 mm, amb o sense<br \/>\nTractament superficial antilliscant, en gris fosc, verd, blau o vermell.<br \/>\nAquests panells de pl\u00e0stic donen una segona vida als residus pl\u00e0stics. Encaixen perfectament<br \/>\na la s\u00e8rie de materials de construcci\u00f3 ecol\u00f2gics. Una inversi\u00f3 en<br \/>\nsostenibilitat i medi ambient.<\/p>","protected":false},"excerpt":{"rendered":"<p>El panell Board \u00e9s un panell vers\u00e0til i robust amb una capa interna gruixuda i una capa exterior fina i llisa. \u00c9s una excel\u00b7lent alternativa a la fusta panells i t\u00e9 excel\u00b7lents propietats per al seu \u00fas en tot tipus de construcci\u00f3 aplicacions. F\u00e0cils de manejar i amb una vida extra llarga, aquests panells de [&hellip;]<\/p>\n","protected":false},"featured_media":4925,"template":"","meta":[],"class_list":["post-4482","product","type-product","status-publish","has-post-thumbnail","hentry","product_cat-edificacion","product_cat-placas-plastico-reciclado","product_tag-placas-plastico-reciclado"],"_links":{"self":[{"href":"https:\/\/alquienvasplastic.com\/ca\/wp-json\/wp\/v2\/product\/4482"}],"collection":[{"href":"https:\/\/alquienvasplastic.com\/ca\/wp-json\/wp\/v2\/product"}],"about":[{"href":"https:\/\/alquienvasplastic.com\/ca\/wp-json\/wp\/v2\/types\/product"}],"wp:featuredmedia":[{"embeddable":true,"href":"https:\/\/alquienvasplastic.com\/ca\/wp-json\/wp\/v2\/media\/4925"}],"wp:attachment":[{"href":"https:\/\/alquienvasplastic.com\/ca\/wp-json\/wp\/v2\/media?parent=4482"}],"curies":[{"name":"wp","href":"https:\/\/api.w.org\/{rel}","templated":true}]}}