{"id":4459,"date":"2023-05-30T16:43:09","date_gmt":"2023-05-30T14:43:09","guid":{"rendered":"https:\/\/alquienvasplastic.com\/?post_type=product&#038;p=4459"},"modified":"2023-05-30T16:48:45","modified_gmt":"2023-05-30T14:48:45","slug":"columpio-para-minusvalidos-en-plastico-reciclado","status":"publish","type":"product","link":"https:\/\/alquienvasplastic.com\/ca\/catalogo\/columpio-para-minusvalidos-en-plastico-reciclado\/","title":{"rendered":"Gronxador per minusv\u00e0lids de pl\u00e0stic reciclat"},"content":{"rendered":"<p>Gronxador doble constru\u00eft amb perfils refor\u00e7ats interiorment per calaix de ferro que en garanteix la solidesa. El joc es fixa a terra enterrant els peus uns 350 mm.<br \/>\nEl gronxador t\u00e9 dos seients per a nadons.<br \/>\nLa biga de suport del gronxador \u00e9s d&#8217;acer.<br \/>\nTotes les peces s&#8217;uneixen mitjan\u00e7ant cargols d&#8217;acer inoxidable submergits a l&#8217;estructura.<br \/>\nEl joc no t\u00e9 parts excel\u00b7lents de pl\u00e0stic o altre material.<br \/>\nNo requereix manteniment, \u00e9s antivand\u00e0lic, no grogueja, \u00e9s resistent a la intemp\u00e8rie i ign\u00edfug.<\/p>\n<p>* Els colors dels materials, inclosos els de les fotos i la documentaci\u00f3 t\u00e8cnica, s\u00f3n purament indicatius i depenen de la disponibilitat en el moment de la producci\u00f3.<\/p>","protected":false},"excerpt":{"rendered":"<p>Gronxador doble constru\u00eft amb perfils refor\u00e7ats interiorment per calaix de ferro que en garanteix la solidesa. El joc es fixa a terra enterrant els peus uns 350 mm. El gronxador t\u00e9 dos seients per a nadons. La biga de suport del gronxador \u00e9s d&#8217;acer. Totes les peces s&#8217;uneixen mitjan\u00e7ant cargols d&#8217;acer inoxidable submergits a l&#8217;estructura. [&hellip;]<\/p>\n","protected":false},"featured_media":4461,"template":"","meta":[],"class_list":["post-4459","product","type-product","status-publish","has-post-thumbnail","hentry","product_cat-parques-infantiles-plastico-reciclado","product_cat-columpios","product_tag-juegos-plastico-reciclado","product_tag-parques-infantiles"],"_links":{"self":[{"href":"https:\/\/alquienvasplastic.com\/ca\/wp-json\/wp\/v2\/product\/4459"}],"collection":[{"href":"https:\/\/alquienvasplastic.com\/ca\/wp-json\/wp\/v2\/product"}],"about":[{"href":"https:\/\/alquienvasplastic.com\/ca\/wp-json\/wp\/v2\/types\/product"}],"wp:featuredmedia":[{"embeddable":true,"href":"https:\/\/alquienvasplastic.com\/ca\/wp-json\/wp\/v2\/media\/4461"}],"wp:attachment":[{"href":"https:\/\/alquienvasplastic.com\/ca\/wp-json\/wp\/v2\/media?parent=4459"}],"curies":[{"name":"wp","href":"https:\/\/api.w.org\/{rel}","templated":true}]}}