{"id":4451,"date":"2023-05-30T16:08:56","date_gmt":"2023-05-30T14:08:56","guid":{"rendered":"https:\/\/alquienvasplastic.com\/?post_type=product&#038;p=4451"},"modified":"2023-05-30T16:31:19","modified_gmt":"2023-05-30T14:31:19","slug":"columpio-con-cesto-en-plastico-reciclado","status":"publish","type":"product","link":"https:\/\/alquienvasplastic.com\/ca\/catalogo\/columpio-con-cesto-en-plastico-reciclado\/","title":{"rendered":"Gronxador amb cistella de pl\u00e0stic reciclat"},"content":{"rendered":"<p>Gronxador multipla\u00e7a, que pot albergar fins a 3 nens, equipat amb una cistella resistent i espaiosa amb doble passador de seguretat.<\/p>\n<p>Alegre, segur i apte per a la integraci\u00f3 de nens amb discapacitat i menors de 3 anys.<\/p>\n<p>El joc es fixa a terra enterrant els peus uns 350 mm.<br \/>\nEl seient consisteix en una cistella de corda suspesa de lestructura amb una doble cadena.<br \/>\nTotes les peces s&#8217;uneixen mitjan\u00e7ant cargols d&#8217;acer inoxidable submergits a l&#8217;estructura.<\/p>\n<p>El joc no t\u00e9 parts excel\u00b7lents de pl\u00e0stic o altre material.<\/p>\n<p>No requereix manteniment, \u00e9s antivand\u00e0lic, no grogueja, resisteix la intemp\u00e8rie, \u00e9s ign\u00edfug i no requereix ancoratge.<\/p>\n<p>* Els colors dels materials, inclosos els de les fotos i la documentaci\u00f3 t\u00e8cnica, s\u00f3n purament indicatius i depenen de la disponibilitat en el moment de la producci\u00f3.<\/p>","protected":false},"excerpt":{"rendered":"<p>Gronxador multipla\u00e7a, que pot albergar fins a 3 nens, equipat amb una cistella resistent i espaiosa amb doble passador de seguretat. Alegre, segur i apte per a la integraci\u00f3 de nens amb discapacitat i menors de 3 anys. El joc es fixa a terra enterrant els peus uns 350 mm. El seient consisteix en una [&hellip;]<\/p>\n","protected":false},"featured_media":4453,"template":"","meta":[],"class_list":["post-4451","product","type-product","status-publish","has-post-thumbnail","hentry","product_cat-parques-infantiles-plastico-reciclado","product_cat-columpios","product_tag-juegos-plastico-reciclado","product_tag-parques-infantiles"],"_links":{"self":[{"href":"https:\/\/alquienvasplastic.com\/ca\/wp-json\/wp\/v2\/product\/4451"}],"collection":[{"href":"https:\/\/alquienvasplastic.com\/ca\/wp-json\/wp\/v2\/product"}],"about":[{"href":"https:\/\/alquienvasplastic.com\/ca\/wp-json\/wp\/v2\/types\/product"}],"wp:featuredmedia":[{"embeddable":true,"href":"https:\/\/alquienvasplastic.com\/ca\/wp-json\/wp\/v2\/media\/4453"}],"wp:attachment":[{"href":"https:\/\/alquienvasplastic.com\/ca\/wp-json\/wp\/v2\/media?parent=4451"}],"curies":[{"name":"wp","href":"https:\/\/api.w.org\/{rel}","templated":true}]}}