{"id":403,"date":"2017-05-15T17:27:42","date_gmt":"2017-05-15T15:27:42","guid":{"rendered":"https:\/\/alquienvasplastic.com\/?post_type=product&#038;p=403"},"modified":"2024-07-16T09:25:57","modified_gmt":"2024-07-16T07:25:57","slug":"pared-proteccion-visual","status":"publish","type":"product","link":"https:\/\/alquienvasplastic.com\/ca\/catalogo\/pared-proteccion-visual\/","title":{"rendered":"Paret protecci\u00f3 visual de pl\u00e0stic reciclat"},"content":{"rendered":"<p><\/p>\n<h3>MESURES<\/h3>\n<p>[vc_empty_space height=&#8221;25px&#8221;]<\/p>\n<h4>Pals de secci\u00f3<\/h4>\n<div class=\"datagrid\">\n<table>\n<thead>\n<tr>\n<th>Gruix<\/th>\n<th>Ample<\/th>\n<th>Llarg<\/th>\n<th>Color<\/th>\n<th>Pes<\/th>\n<th>Refer\u00e8ncia<\/th>\n<\/tr>\n<\/thead>\n<tbody>\n<tr class=\"notfirst\">\n<td>12 cm<\/td>\n<td>16 cm<\/td>\n<td>250 cm<\/td>\n<td>marr\u00f3<\/td>\n<td>42,5 kg aprox.<\/td>\n<td>SPA1612250<\/td>\n<\/tr>\n<\/tbody>\n<\/table>\n<\/div>\n<p>&nbsp;<\/p>\n<p>[vc_empty_space height=&#8221;25px&#8221;]<\/p>\n<h4>Pals cantoners<\/h4>\n<div class=\"datagrid\">\n<table>\n<thead>\n<tr>\n<th>Gruix<\/th>\n<th>Ample<\/th>\n<th>Llarg<\/th>\n<th>Color<\/th>\n<th>Pes<\/th>\n<th>Refer\u00e8ncia<\/th>\n<\/tr>\n<\/thead>\n<tbody>\n<tr class=\"notfirst\">\n<td>12 cm<\/td>\n<td>16 cm<\/td>\n<td>250 cm<\/td>\n<td>marr\u00f3<\/td>\n<td>42 kg aprox.<\/td>\n<td>SPB1612250<\/td>\n<\/tr>\n<\/tbody>\n<\/table>\n<\/div>\n<p>&nbsp;<\/p>\n<p>[vc_empty_space height=&#8221;25px&#8221;]<\/p>\n<h4>Pals terminals<\/h4>\n<div class=\"datagrid\">\n<table>\n<thead>\n<tr>\n<th>Gruix<\/th>\n<th>Ample<\/th>\n<th>Llarg<\/th>\n<th>Color<\/th>\n<th>Pes<\/th>\n<th>Refer\u00e8ncia<\/th>\n<\/tr>\n<\/thead>\n<tbody>\n<tr class=\"notfirst\">\n<td>12 cm<\/td>\n<td>16 cm<\/td>\n<td>250 cm<\/td>\n<td>marr\u00f3<\/td>\n<td>48 kg aprox.<\/td>\n<td>SPC1612250<\/td>\n<\/tr>\n<\/tbody>\n<\/table>\n<\/div>\n<p>&nbsp;<\/p>\n<p>[vc_empty_space height=&#8221;25px&#8221;]<\/p>\n<h4>Taula encadellada<\/h4>\n<div class=\"datagrid\">\n<table>\n<thead>\n<tr>\n<th>Gruix<\/th>\n<th>Ample<\/th>\n<th>Llarg<\/th>\n<th>Color<\/th>\n<th>Pes<\/th>\n<th>Refer\u00e8ncia<\/th>\n<\/tr>\n<\/thead>\n<tbody>\n<tr class=\"notfirst\">\n<td>3,8 cm<\/td>\n<td>13 cm<\/td>\n<td>190 cm<\/td>\n<td>marr\u00f3<\/td>\n<td>8,7 aprox.<\/td>\n<td>NG3813190<\/td>\n<\/tr>\n<tr class=\"notfirst\">\n<td>3,8 cm<\/td>\n<td>13 cm<\/td>\n<td>190 cm<\/td>\n<td>marr\u00f3<\/td>\n<td>8,7 aprox.<\/td>\n<td>NB3813190<\/td>\n<\/tr>\n<tr class=\"notfirst\">\n<td>3,8 cm<\/td>\n<td>13 cm<\/td>\n<td>190 cm<\/td>\n<td>marr\u00f3<\/td>\n<td>8,7 aprox.<\/td>\n<td>NM3813190<\/td>\n<\/tr>\n<\/tbody>\n<\/table>\n<\/div>\n<p>&nbsp;<\/p>\n<p>[vc_empty_space height=&#8221;25px&#8221;]<\/p>\n<h4>Suport central<\/h4>\n<div class=\"datagrid\">\n<table>\n<thead>\n<tr>\n<th>\u00d8<\/th>\n<th>Llarg<\/th>\n<th>Color<\/th>\n<th>Pes<\/th>\n<th>Refer\u00e8ncia<\/th>\n<\/tr>\n<\/thead>\n<tbody>\n<tr class=\"notfirst\">\n<td>10 cm<\/td>\n<td>50 cm<\/td>\n<td>marr\u00f3<\/td>\n<td>3,7 kg aprox.<\/td>\n<td>MB100050<\/td>\n<\/tr>\n<\/tbody>\n<\/table>\n<\/div>\n<p>&nbsp;<\/p>","protected":false},"excerpt":{"rendered":"<p>Jard\u00ed ideal per a la separaci\u00f3 visual dels contenidors de residus urbans.<\/p>\n<p>La columna vertebral del nostre sistema de protecci\u00f3 visual est\u00e0 formada per pals reciclats refor\u00e7ats de pl\u00e0stic per secci\u00f3 de pol, i pals de cantonada amb una tapa protectora. En els panells d&#8217;estructura estable G s&#8217;insereixen. La taula final es veu refor\u00e7ada per un suport central per proporcionar una major estabilitat.<\/p>\n<p>Colors disponibles:<\/p>\n<table>\n<tbody>\n<tr>\n<td style=\"vertical-align: top; background-color: #cbcacf; height: 40px; width: 40px;\"><\/td>\n<td style=\"vertical-align: top; background-color: #a25c5e; height: 40px; width: 40px;\"><\/td>\n<td style=\"vertical-align: top; background-color: #8fb395; height: 40px; width: 40px;\"><\/td>\n<\/tr>\n<\/tbody>\n<\/table>\n","protected":false},"featured_media":639,"template":"","meta":[],"class_list":["post-403","product","type-product","status-publish","has-post-thumbnail","hentry","product_cat-cercados-y-vallas","product_cat-proteccion-visual-plastico-reciclado","product_tag-vallas-plastico-recicaldo"],"_links":{"self":[{"href":"https:\/\/alquienvasplastic.com\/ca\/wp-json\/wp\/v2\/product\/403"}],"collection":[{"href":"https:\/\/alquienvasplastic.com\/ca\/wp-json\/wp\/v2\/product"}],"about":[{"href":"https:\/\/alquienvasplastic.com\/ca\/wp-json\/wp\/v2\/types\/product"}],"wp:featuredmedia":[{"embeddable":true,"href":"https:\/\/alquienvasplastic.com\/ca\/wp-json\/wp\/v2\/media\/639"}],"wp:attachment":[{"href":"https:\/\/alquienvasplastic.com\/ca\/wp-json\/wp\/v2\/media?parent=403"}],"curies":[{"name":"wp","href":"https:\/\/api.w.org\/{rel}","templated":true}]}}