{"id":3251,"date":"2020-05-20T11:28:06","date_gmt":"2020-05-20T09:28:06","guid":{"rendered":"https:\/\/alquienvasplastic.com\/?post_type=product&#038;p=3251"},"modified":"2024-07-08T15:16:26","modified_gmt":"2024-07-08T13:16:26","slug":"mesa-bosque-de-plastico-reciclado","status":"publish","type":"product","link":"https:\/\/alquienvasplastic.com\/ca\/catalogo\/mesa-bosque-de-plastico-reciclado\/","title":{"rendered":"Taula Bosc de pl\u00e0stic reciclat"},"content":{"rendered":"","protected":false},"excerpt":{"rendered":"<p>Com els arbres al bosc, els bancs poden suportar totes les condicions clim\u00e0tiques. Pluja, neu, vent, calor i rajos UV del sol, res pot malmetre aquests bancs. A m\u00e9s, no necessita cap manteniment; s\u00f3n a prova de putrefacci\u00f3; i per \u00faltim per\u00f2 no menys important, s\u00f3n 100% segurs per al medi ambient.<\/p>\n","protected":false},"featured_media":3252,"template":"","meta":[],"class_list":["post-3251","product","type-product","status-publish","has-post-thumbnail","hentry","product_cat-mobiliario-urbano-plastico-reciclado","product_tag-mesas-plastico-reciclado"],"_links":{"self":[{"href":"https:\/\/alquienvasplastic.com\/ca\/wp-json\/wp\/v2\/product\/3251"}],"collection":[{"href":"https:\/\/alquienvasplastic.com\/ca\/wp-json\/wp\/v2\/product"}],"about":[{"href":"https:\/\/alquienvasplastic.com\/ca\/wp-json\/wp\/v2\/types\/product"}],"wp:featuredmedia":[{"embeddable":true,"href":"https:\/\/alquienvasplastic.com\/ca\/wp-json\/wp\/v2\/media\/3252"}],"wp:attachment":[{"href":"https:\/\/alquienvasplastic.com\/ca\/wp-json\/wp\/v2\/media?parent=3251"}],"curies":[{"name":"wp","href":"https:\/\/api.w.org\/{rel}","templated":true}]}}