{"id":3202,"date":"2020-04-24T18:09:00","date_gmt":"2020-04-24T16:09:00","guid":{"rendered":"https:\/\/alquienvasplastic.com\/?post_type=product&#038;p=3202"},"modified":"2020-12-28T19:27:45","modified_gmt":"2020-12-28T17:27:45","slug":"rejillas-para-suelos-en-plastico-reciclado","status":"publish","type":"product","link":"https:\/\/alquienvasplastic.com\/ca\/catalogo\/rejillas-para-suelos-en-plastico-reciclado\/","title":{"rendered":"Reixetes per a terres de pl\u00e0stic reciclat"},"content":{"rendered":"<p><\/p>\n<h3>MESURES<\/h3>\n<h4>Placa<\/h4>\n<div class=\"datagrid\">\n<table>\n<thead>\n<tr>\n<th>Color<\/th>\n<th>Llarg<\/th>\n<th>Amplada<\/th>\n<th>Gruix<\/th>\n<\/tr>\n<\/thead>\n<tbody>\n<tr class=\"notfirst\">\n<td>gris<\/td>\n<td>100 cm<\/td>\n<td>50 cm<\/td>\n<td>8 cm<\/td>\n<\/tr>\n<\/tbody>\n<\/table>\n<\/div>\n<p>&nbsp;<\/p>\n<h4>Suport<\/h4>\n<div class=\"datagrid\">\n<table>\n<thead>\n<tr>\n<th>Color<\/th>\n<th>Llarg<\/th>\n<th>Ample<\/th>\n<th>Gruix<\/th>\n<\/tr>\n<\/thead>\n<tbody>\n<tr class=\"notfirst\">\n<td>gris<\/td>\n<td>30 cm<\/td>\n<td>15 cm<\/td>\n<td>15 cm<\/td>\n<\/tr>\n<\/thead>\n<tbody>\n<tr class=\"notfirst\">\n<td>gris<\/td>\n<td>100 cm<\/td>\n<td>15 cm<\/td>\n<td>15 cm<\/td>\n<\/tr>\n<\/tbody>\n<\/table>\n<\/div>\n<p>&nbsp;<\/p>\n<p>[vc_empty_space height=&#8221;25px&#8221;]<\/p>","protected":false},"excerpt":{"rendered":"<p>Els nervis longitudinals i transversals de la part inferior de la reixa tenen les mateixes dimensions i d&#8217;aquesta manera poden portar c\u00e0rregues en ambdues direccions. La mida de les obertures de la malla (25 x 25 mm) ha estat elegit deliberadament per:<\/p>\n<p>&#8211; Prevenir la caiguda de petites peces (per exemple el farcit de l&#8217;Bioflitro)<br \/>\n&#8211; Donar a terra una \u00e0mplia \u00e0rea de ventilaci\u00f3 assegurant aix\u00ed una alta permeabilitat a l&#8217;aire.<\/p>\n<p>Aquest sistema consisteix en: reixetes de 100 x 50 x 8 cm (L x An x A l&#8217;) amb una alta capacitat de c\u00e0rrega, i en els suports corresponents en longituds que van des de 30 a 100 cm, amb un di\u00e0metre de 15 cm.<\/p>\n","protected":false},"featured_media":3206,"template":"","meta":[],"class_list":["post-3202","product","type-product","status-publish","has-post-thumbnail","hentry","product_cat-edificacion","product_cat-industria"],"_links":{"self":[{"href":"https:\/\/alquienvasplastic.com\/ca\/wp-json\/wp\/v2\/product\/3202"}],"collection":[{"href":"https:\/\/alquienvasplastic.com\/ca\/wp-json\/wp\/v2\/product"}],"about":[{"href":"https:\/\/alquienvasplastic.com\/ca\/wp-json\/wp\/v2\/types\/product"}],"wp:featuredmedia":[{"embeddable":true,"href":"https:\/\/alquienvasplastic.com\/ca\/wp-json\/wp\/v2\/media\/3206"}],"wp:attachment":[{"href":"https:\/\/alquienvasplastic.com\/ca\/wp-json\/wp\/v2\/media?parent=3202"}],"curies":[{"name":"wp","href":"https:\/\/api.w.org\/{rel}","templated":true}]}}