{"id":3094,"date":"2020-04-18T18:20:24","date_gmt":"2020-04-18T16:20:24","guid":{"rendered":"https:\/\/alquienvasplastic.com\/?post_type=product&#038;p=3094"},"modified":"2021-11-27T14:12:30","modified_gmt":"2021-11-27T12:12:30","slug":"huerto-familiar-plastico-reciclado","status":"publish","type":"product","link":"https:\/\/alquienvasplastic.com\/ca\/catalogo\/huerto-familiar-plastico-reciclado\/","title":{"rendered":"Hort Familiar de pl\u00e0stic reciclat"},"content":{"rendered":"","protected":false},"excerpt":{"rendered":"<p>Hort per fer a casa, urb\u00e0 i familiar. El pl\u00e0stic reciclat presenta unes caracter\u00edstiques perfectes per a aquesta utilitat, no es podreix ni s&#8217;estella, no l&#8217;afecta l&#8217;aigua ni la humitat.<br \/>\nEs pot muntar i desmuntar f\u00e0cilment per instal\u00b7lar-lo en qualsevol ubicaci\u00f3 que necessitis.<\/p>\n<p>Colors disponibles:<\/p>\n<table>\n<tbody>\n<tr>\n<td style=\"vertical-align: top; background-color: #cccccc; height: 40px; width: 40px;\"><\/td>\n<\/tr>\n<\/tbody>\n<\/table>\n","protected":false},"featured_media":3095,"template":"","meta":[],"class_list":["post-3094","product","type-product","status-publish","has-post-thumbnail","hentry","product_cat-mobiliario-urbano-plastico-reciclado","product_cat-jardineras-plastico-reciclado","product_tag-huerto-urbano-de-plastico-reciclado","product_tag-jardineras-plastico-reciclado"],"_links":{"self":[{"href":"https:\/\/alquienvasplastic.com\/ca\/wp-json\/wp\/v2\/product\/3094"}],"collection":[{"href":"https:\/\/alquienvasplastic.com\/ca\/wp-json\/wp\/v2\/product"}],"about":[{"href":"https:\/\/alquienvasplastic.com\/ca\/wp-json\/wp\/v2\/types\/product"}],"wp:featuredmedia":[{"embeddable":true,"href":"https:\/\/alquienvasplastic.com\/ca\/wp-json\/wp\/v2\/media\/3095"}],"wp:attachment":[{"href":"https:\/\/alquienvasplastic.com\/ca\/wp-json\/wp\/v2\/media?parent=3094"}],"curies":[{"name":"wp","href":"https:\/\/api.w.org\/{rel}","templated":true}]}}