{"id":2697,"date":"2020-03-17T16:02:48","date_gmt":"2020-03-17T14:02:48","guid":{"rendered":"https:\/\/alquienvasplastic.com\/?post_type=product&#038;p=2697"},"modified":"2021-05-17T16:51:46","modified_gmt":"2021-05-17T14:51:46","slug":"pasarela-encajable-ona-plastico-reciclado","status":"publish","type":"product","link":"https:\/\/alquienvasplastic.com\/ca\/catalogo\/pasarela-encajable-ona-plastico-reciclado\/","title":{"rendered":"Passarel\u00b7la encaixable Ona de pl\u00e0stic reciclat"},"content":{"rendered":"<p><\/p>\n<h3>MIDES<\/h3>\n<p>[vc_empty_space height=&#8221;25px&#8221;]<\/p>\n<div class=\"datagrid\">\n<table>\n<thead>\n<tr>\n<th>Color<\/th>\n<th>Ample<\/th>\n<th>Llarg<\/th>\n<th>Pes<\/th>\n<th>Referencia<\/th>\n<\/tr>\n<\/thead>\n<tbody>\n<tr class=\"notfirst\">\n<td>Gris<\/td>\n<td>50 cm<\/td>\n<td>100 cm<\/td>\n<td>20 kg aprox.<\/td>\n<td>ona<\/td>\n<\/tr>\n<\/tbody>\n<\/table>\n<\/div>\n<p>[vc_empty_space height=&#8221;25px&#8221;]<\/p>","protected":false},"excerpt":{"rendered":"<p>Passarel\u00b7la de platja modular fabricada amb pl\u00e0stic reciclat provinent de la recollida selectiva urbana. Proposem la soluci\u00f3 integral d&#8217;una economia circular del pl\u00e0stic a Km 0, transformem el residu dels propis ciutadans amb mobiliari per les seves platges o urb\u00e0.<\/p>\n<p>Colors disponibles:<\/p>\n<table>\n<tbody>\n<tr>\n<td style=\"vertical-align: top; background-color: #cccccc; height: 40px; width: 40px;\"><\/td>\n<\/tr>\n<\/tbody>\n<\/table>\n<p>[vc_empty_space height=&#8221;40px&#8221;]<\/p>\n<table style=\"background-color: white;\" cellspacing=\"2px\">\n<tbody>\n<tr>\n<td style=\"vertical-align: top; background-color: #cccccc;\">100 x 50 cm<\/td>\n<\/tr>\n<\/tbody>\n<\/table>\n","protected":false},"featured_media":3630,"template":"","meta":[],"class_list":["post-2697","product","type-product","status-publish","has-post-thumbnail","hentry","product_cat-pavimentos","product_cat-pasarelas-plastico-reciclado","product_tag-pasarelas-de-plastico-reciclado"],"_links":{"self":[{"href":"https:\/\/alquienvasplastic.com\/ca\/wp-json\/wp\/v2\/product\/2697"}],"collection":[{"href":"https:\/\/alquienvasplastic.com\/ca\/wp-json\/wp\/v2\/product"}],"about":[{"href":"https:\/\/alquienvasplastic.com\/ca\/wp-json\/wp\/v2\/types\/product"}],"wp:featuredmedia":[{"embeddable":true,"href":"https:\/\/alquienvasplastic.com\/ca\/wp-json\/wp\/v2\/media\/3630"}],"wp:attachment":[{"href":"https:\/\/alquienvasplastic.com\/ca\/wp-json\/wp\/v2\/media?parent=2697"}],"curies":[{"name":"wp","href":"https:\/\/api.w.org\/{rel}","templated":true}]}}