{"id":2686,"date":"2020-03-16T18:55:47","date_gmt":"2020-03-16T16:55:47","guid":{"rendered":"https:\/\/alquienvasplastic.com\/?post_type=product&#038;p=2686"},"modified":"2020-12-28T19:27:46","modified_gmt":"2020-12-28T17:27:46","slug":"juego-alpinismo","status":"publish","type":"product","link":"https:\/\/alquienvasplastic.com\/ca\/catalogo\/juego-alpinismo\/","title":{"rendered":"Joc Escalada de pl\u00e0stic reciclat"},"content":{"rendered":"<p>Contacta&#8217;ns per a m\u00e9s informaci\u00f3<\/p>","protected":false},"excerpt":{"rendered":"<p>&nbsp;<\/p>\n<p>Fets amb pl\u00e0stic 100% reciclat, s\u00f3n l&#8217;opci\u00f3 m\u00e9s sostenible i econ\u00f2mica. Els productes de pl\u00e0stic reciclat resisteixen a la intemp\u00e8rie, a l&#8217;aigua, als raigs de sol &#8230; per\u00f2 el millor de tot \u00e9s que no necessiten manteniment!<\/p>\n<p>Amb certificat europeu DIN EN 71\/3, s\u00f3n pl\u00e0stics segurs per als nens.<\/p>\n<p>Disposem de conjunts per als m\u00e9s petits.<\/p>\n","protected":false},"featured_media":2689,"template":"","meta":[],"class_list":["post-2686","product","type-product","status-publish","has-post-thumbnail","hentry","product_cat-parques-infantiles-plastico-reciclado","product_cat-juegos-infantiles-plastico-reciclado","product_tag-juegos-de-plastico-reciclado","product_tag-parques-infantiles"],"_links":{"self":[{"href":"https:\/\/alquienvasplastic.com\/ca\/wp-json\/wp\/v2\/product\/2686"}],"collection":[{"href":"https:\/\/alquienvasplastic.com\/ca\/wp-json\/wp\/v2\/product"}],"about":[{"href":"https:\/\/alquienvasplastic.com\/ca\/wp-json\/wp\/v2\/types\/product"}],"wp:featuredmedia":[{"embeddable":true,"href":"https:\/\/alquienvasplastic.com\/ca\/wp-json\/wp\/v2\/media\/2689"}],"wp:attachment":[{"href":"https:\/\/alquienvasplastic.com\/ca\/wp-json\/wp\/v2\/media?parent=2686"}],"curies":[{"name":"wp","href":"https:\/\/api.w.org\/{rel}","templated":true}]}}