{"id":2679,"date":"2020-03-16T18:46:23","date_gmt":"2020-03-16T16:46:23","guid":{"rendered":"https:\/\/alquienvasplastic.com\/?post_type=product&#038;p=2679"},"modified":"2023-05-30T16:41:42","modified_gmt":"2023-05-30T14:41:42","slug":"columpio","status":"publish","type":"product","link":"https:\/\/alquienvasplastic.com\/ca\/catalogo\/columpio\/","title":{"rendered":"Gronxador de pl\u00e0stic reciclat"},"content":{"rendered":"<p>Gronxador simple o doble constru\u00eft amb perfils refor\u00e7ats interiorment per calaix de ferro que en garanteix la solidesa.<\/p>\n<p>El joc es fixa a terra enterrant els peus uns 350 mm.<\/p>\n<p>Els seients tamb\u00e9 estan disponibles amb respatller i cadena o seient per a nadons.<\/p>\n<p>Totes les peces s&#8217;uneixen mitjan\u00e7ant cargols d&#8217;acer inoxidable submergits a l&#8217;estructura.<\/p>\n<p>El joc no t\u00e9 parts excel\u00b7lents de pl\u00e0stic o altre material.<\/p>\n<p>No requereix manteniment, \u00e9s antivand\u00e0lic, no grogueja, \u00e9s resistent a la intemp\u00e8rie i ign\u00edfug.<\/p>\n<p>* Els colors dels materials, inclosos els de les fotos i la documentaci\u00f3 t\u00e8cnica, s\u00f3n purament indicatius i depenen de la disponibilitat en el moment de la producci\u00f3.<\/p>","protected":false},"excerpt":{"rendered":"<p>Gronxador simple o doble constru\u00eft amb perfils refor\u00e7ats interiorment per calaix de ferro que en garanteix la solidesa. El joc es fixa a terra enterrant els peus uns 350 mm. Els seients tamb\u00e9 estan disponibles amb respatller i cadena o seient per a nadons. Totes les peces s&#8217;uneixen mitjan\u00e7ant cargols d&#8217;acer inoxidable submergits a l&#8217;estructura. [&hellip;]<\/p>\n","protected":false},"featured_media":4455,"template":"","meta":[],"class_list":["post-2679","product","type-product","status-publish","has-post-thumbnail","hentry","product_cat-parques-infantiles-plastico-reciclado","product_cat-columpios","product_tag-juegos-plastico-reciclado","product_tag-parques-infantiles"],"_links":{"self":[{"href":"https:\/\/alquienvasplastic.com\/ca\/wp-json\/wp\/v2\/product\/2679"}],"collection":[{"href":"https:\/\/alquienvasplastic.com\/ca\/wp-json\/wp\/v2\/product"}],"about":[{"href":"https:\/\/alquienvasplastic.com\/ca\/wp-json\/wp\/v2\/types\/product"}],"wp:featuredmedia":[{"embeddable":true,"href":"https:\/\/alquienvasplastic.com\/ca\/wp-json\/wp\/v2\/media\/4455"}],"wp:attachment":[{"href":"https:\/\/alquienvasplastic.com\/ca\/wp-json\/wp\/v2\/media?parent=2679"}],"curies":[{"name":"wp","href":"https:\/\/api.w.org\/{rel}","templated":true}]}}