{"id":2225,"date":"2019-11-22T12:23:31","date_gmt":"2019-11-22T10:23:31","guid":{"rendered":"https:\/\/alquienvasplastic.com\/?post_type=product&#038;p=2225"},"modified":"2024-11-20T09:28:25","modified_gmt":"2024-11-20T07:28:25","slug":"pipican","status":"publish","type":"product","link":"https:\/\/alquienvasplastic.com\/ca\/catalogo\/pipican\/","title":{"rendered":"Pipican de pl\u00e0stic reciclat"},"content":{"rendered":"<p>DISSENY A MIDA<\/p>\n<p>Sol\u00b7liciti m\u00e9s informaci\u00f3.<\/p>","protected":false},"excerpt":{"rendered":"<p>Una \u00e0rea canina per sempre. Fabricada amb pl\u00e0stic reciclat sense manteniment e inalterable a les condici\u00f3ns admosf\u00e8riques.<\/p>\n","protected":false},"featured_media":2230,"template":"","meta":[],"class_list":["post-2225","product","type-product","status-publish","has-post-thumbnail","hentry","product_cat-cercados-y-vallas","product_cat-cercados-plastico-reciclado","product_cat-vallas-plastico-reciclado","product_tag-vallas-plastico-recicaldo"],"_links":{"self":[{"href":"https:\/\/alquienvasplastic.com\/ca\/wp-json\/wp\/v2\/product\/2225"}],"collection":[{"href":"https:\/\/alquienvasplastic.com\/ca\/wp-json\/wp\/v2\/product"}],"about":[{"href":"https:\/\/alquienvasplastic.com\/ca\/wp-json\/wp\/v2\/types\/product"}],"wp:featuredmedia":[{"embeddable":true,"href":"https:\/\/alquienvasplastic.com\/ca\/wp-json\/wp\/v2\/media\/2230"}],"wp:attachment":[{"href":"https:\/\/alquienvasplastic.com\/ca\/wp-json\/wp\/v2\/media?parent=2225"}],"curies":[{"name":"wp","href":"https:\/\/api.w.org\/{rel}","templated":true}]}}