{"id":2128,"date":"2019-11-12T20:58:19","date_gmt":"2019-11-12T18:58:19","guid":{"rendered":"https:\/\/alquienvasplastic.com\/?post_type=product&#038;p=2128"},"modified":"2024-12-16T18:28:23","modified_gmt":"2024-12-16T16:28:23","slug":"ecopunto-baleares","status":"publish","type":"product","link":"https:\/\/alquienvasplastic.com\/ca\/catalogo\/ecopunto-baleares\/","title":{"rendered":"Ecopunt Balears de pl\u00e1stic reciclat"},"content":{"rendered":"<p>MESURES:<\/p>\n<p>Cobrecontenidor per 240L<\/p>\n<p>L290 x W89 x H135 cm.<\/p>\n<p>Cobrecontenidor per 360L<\/p>\n<p>L320 x W120 x H160 cm<\/p>\n<p>REF: BALEARS<\/p>","protected":false},"excerpt":{"rendered":"<p>El Ecopunt Balears es compon d&#8217;una estructura en pl\u00e0stic 100% reciclat preparada per acomodar a l&#8217;interior uns contenidors de PVC de 240 o 360L amb rodes. Est\u00e0 fabricat amb uns perfils per a l&#8217;estructura, unes lames horitzontals que permeten ocultar visualment els contenidors dels 4 punts d&#8217;aportaci\u00f3, una coberta que els protegeix de les condicions atmosf\u00e8riques i unes portes d&#8217;acc\u00e9s a l&#8217;interior per tenir un r\u00e0pid i f\u00e0cil sistema per a la recollida dels residus.<\/p>\n","protected":false},"featured_media":4938,"template":"","meta":[],"class_list":["post-2128","product","type-product","status-publish","has-post-thumbnail","hentry","product_cat-ecopuntos-plastico-reciclado","product_cat-cubre-contenedores-plastico-reciclado","product_cat-papeleras-selectivas-plastico-reciclado","product_cat-mobiliario-urbano-plastico-reciclado","product_cat-papeleras-de-plastico-reciclado","product_tag-ecopuntos-plastico-reciclado","product_tag-papeleras-plastico-reciclado"],"_links":{"self":[{"href":"https:\/\/alquienvasplastic.com\/ca\/wp-json\/wp\/v2\/product\/2128"}],"collection":[{"href":"https:\/\/alquienvasplastic.com\/ca\/wp-json\/wp\/v2\/product"}],"about":[{"href":"https:\/\/alquienvasplastic.com\/ca\/wp-json\/wp\/v2\/types\/product"}],"wp:featuredmedia":[{"embeddable":true,"href":"https:\/\/alquienvasplastic.com\/ca\/wp-json\/wp\/v2\/media\/4938"}],"wp:attachment":[{"href":"https:\/\/alquienvasplastic.com\/ca\/wp-json\/wp\/v2\/media?parent=2128"}],"curies":[{"name":"wp","href":"https:\/\/api.w.org\/{rel}","templated":true}]}}