{"id":1878,"date":"2019-08-28T17:05:58","date_gmt":"2019-08-28T15:05:58","guid":{"rendered":"https:\/\/alquienvasplastic.com\/?post_type=product&#038;p=1878"},"modified":"2023-05-10T11:04:16","modified_gmt":"2023-05-10T09:04:16","slug":"vallado-reforzado","status":"publish","type":"product","link":"https:\/\/alquienvasplastic.com\/ca\/catalogo\/vallado-reforzado\/","title":{"rendered":"Ballat Refor\u00e7at de pl\u00e0stic reciclat"},"content":{"rendered":"<p><\/p>\n<h3>MESURES<\/h3>\n<p>[vc_empty_space height=&#8221;25px&#8221;]<\/p>\n<h4>Soport cantoner<\/h4>\n<div class=\"datagrid\">\n<table>\n<thead>\n<tr>\n<th>Gruix<\/th>\n<th>Ample<\/th>\n<th>Llarg<\/th>\n<th>Color<\/th>\n<th>Pes<\/th>\n<th>Refer\u00e8ncia<\/th>\n<\/tr>\n<\/thead>\n<tbody>\n<tr class=\"notfirst\">\n<td>10 cm<\/td>\n<td>11 cm<\/td>\n<td>13 cm<\/td>\n<td>Marr\u00f3<\/td>\n<td>0,8 kg aprox.<\/td>\n<td>KEB101111<\/td>\n<\/tr>\n<\/tbody>\n<\/table>\n<\/div>\n<p>&nbsp;<\/p>\n<p>[vc_empty_space height=&#8221;25px&#8221;]<\/p>\n<h4>Pal per 3 barreres camb refor\u00e7<\/h4>\n<div class=\"datagrid\">\n<table>\n<thead>\n<tr>\n<th>Gruix<\/th>\n<th>Ample<\/th>\n<th>Llarg<\/th>\n<th>Color<\/th>\n<th>Pes<\/th>\n<th>Refer\u00e8ncia<\/th>\n<\/tr>\n<\/thead>\n<tbody>\n<tr class=\"notfirst\">\n<td>11 cm<\/td>\n<td>10 cm<\/td>\n<td>230 cm<\/td>\n<td>Marr\u00f3<\/td>\n<td>24,6 kg aprox.<\/td>\n<td>KPBA10112303-LA<\/td>\n<\/tr>\n<\/tbody>\n<\/table>\n<\/div>\n<p>&nbsp;<\/p>\n<p>[vc_empty_space height=&#8221;25px&#8221;]<\/p>\n<h4>Pal per 5 barreres amb refor\u00e7<\/h4>\n<div class=\"datagrid\">\n<table>\n<thead>\n<tr>\n<th>Gruix<\/th>\n<th>Ample<\/th>\n<th>Llarg<\/th>\n<th>Color<\/th>\n<th>Pes<\/th>\n<th>Refer\u00e8ncia<\/th>\n<\/tr>\n<\/thead>\n<tbody>\n<tr class=\"notfirst\">\n<td>11 cm<\/td>\n<td>10 cm<\/td>\n<td>230 cm<\/td>\n<td>Marr\u00f3<\/td>\n<td>26,3 aprox.<\/td>\n<td>KPBA10112305<\/td>\n<\/tr>\n<\/tbody>\n<\/table>\n<\/div>\n<p>&nbsp;<\/p>\n<p>[vc_empty_space height=&#8221;25px&#8221;]<\/p>\n<h4>Travesser amb refor\u00e7<\/h4>\n<div class=\"datagrid\">\n<table>\n<thead>\n<tr>\n<th>Gruix<\/th>\n<th>Ample<\/th>\n<th>Llarg<\/th>\n<th>Color<\/th>\n<th>Pes<\/th>\n<th>Refer\u00e8ncia<\/th>\n<\/tr>\n<\/thead>\n<tbody>\n<tr class=\"notfirst\">\n<tr class=\"notfirst\">\n<td>9 cm<\/td>\n<td>9 cm<\/td>\n<td>240 cm<\/td>\n<td>Marr\u00f3<\/td>\n<td>20,6 aprox.<\/td>\n<td>AB090240F<\/td>\n<\/tr>\n<\/tbody>\n<\/table>\n<\/div>\n<p><\/p>","protected":false},"excerpt":{"rendered":"<p>Aix\u00ed de c\u00f2mode i f\u00e0cil \u00e9s obtenir una gran qualitat al costat de l&#8217;\u00f2ptica cl\u00e0ssica de la tanca de 3 o 5 barres. Simplement inseriu les barres als forats dels pals i subjectar-los amb un cargol. I LLEST! A m\u00e9s, els pals i juntes no est\u00e0n nom\u00e9s fetes de pl\u00e0stic reciclat, sin\u00f3 que tamb\u00e9 es reforcen internament amb metall. La tanca \u00e9s eterna. Les cantonades i canvis de direcci\u00f3 es munten f\u00e0cilment amb el nostre adaptador de pl\u00e0stic reciclat.<\/p>\n<p>Colors disponibles:<\/p>\n<p>[vc_empty_space height=&#8221;40px&#8221;]<\/p>\n<h4 style=\"margin-bottom: 2%;\">Amplada:<\/h4>\n<table style=\"background-color: white;\" cellspacing=\"2\">\n<tbody>\n<tr>\n<td style=\"vertical-align: top; background-color: #cccccc;\">230 cm<\/td>\n<\/tr>\n<\/tbody>\n<\/table>\n","protected":false},"featured_media":1881,"template":"","meta":[],"class_list":["post-1878","product","type-product","status-publish","has-post-thumbnail","hentry","product_cat-cercados-y-vallas","product_cat-cercados-plastico-reciclado","product_tag-vallas-plastico-recicaldo"],"_links":{"self":[{"href":"https:\/\/alquienvasplastic.com\/ca\/wp-json\/wp\/v2\/product\/1878"}],"collection":[{"href":"https:\/\/alquienvasplastic.com\/ca\/wp-json\/wp\/v2\/product"}],"about":[{"href":"https:\/\/alquienvasplastic.com\/ca\/wp-json\/wp\/v2\/types\/product"}],"wp:featuredmedia":[{"embeddable":true,"href":"https:\/\/alquienvasplastic.com\/ca\/wp-json\/wp\/v2\/media\/1881"}],"wp:attachment":[{"href":"https:\/\/alquienvasplastic.com\/ca\/wp-json\/wp\/v2\/media?parent=1878"}],"curies":[{"name":"wp","href":"https:\/\/api.w.org\/{rel}","templated":true}]}}