{"id":1868,"date":"2019-08-28T16:22:04","date_gmt":"2019-08-28T14:22:04","guid":{"rendered":"https:\/\/alquienvasplastic.com\/?post_type=product&#038;p=1868"},"modified":"2021-11-27T23:22:39","modified_gmt":"2021-11-27T21:22:39","slug":"tablon-reforzado","status":"publish","type":"product","link":"https:\/\/alquienvasplastic.com\/ca\/catalogo\/tablon-reforzado\/","title":{"rendered":"Tauler refor\u00e7at de pl\u00e0stic reciclat"},"content":{"rendered":"","protected":false},"excerpt":{"rendered":"<p>El perfil perfecte per al vostre projecte de construcci\u00f3 de tanques. Independentment de si es tracta d\u2019una tanca, un cam\u00ed o una barana de pastures, la meteoritzaci\u00f3 ja no \u00e9s cap problema. Tampoc hi ha risc de mastegar animals, ferits per estelles o perills per a la salut a causa dels materials tractats qu\u00edmicament. Els taulers s\u00f3n resistents, no es podreixen, s\u00f3n resistents a la ruptura i extremadament duradors.<\/p>\n","protected":false},"featured_media":1869,"template":"","meta":[],"class_list":["post-1868","product","type-product","status-publish","has-post-thumbnail","hentry","product_cat-edificacion","product_cat-tablones-y-travesanos-plastico-reciclado","product_cat-mobiliario-urbano-plastico-reciclado","product_cat-tablones-para-bancos-plastico-reciclado","product_tag-tablones-plastico-reciclado","product_tag-vallas-plastico-recicaldo"],"_links":{"self":[{"href":"https:\/\/alquienvasplastic.com\/ca\/wp-json\/wp\/v2\/product\/1868"}],"collection":[{"href":"https:\/\/alquienvasplastic.com\/ca\/wp-json\/wp\/v2\/product"}],"about":[{"href":"https:\/\/alquienvasplastic.com\/ca\/wp-json\/wp\/v2\/types\/product"}],"wp:featuredmedia":[{"embeddable":true,"href":"https:\/\/alquienvasplastic.com\/ca\/wp-json\/wp\/v2\/media\/1869"}],"wp:attachment":[{"href":"https:\/\/alquienvasplastic.com\/ca\/wp-json\/wp\/v2\/media?parent=1868"}],"curies":[{"name":"wp","href":"https:\/\/api.w.org\/{rel}","templated":true}]}}