{"id":1850,"date":"2019-08-14T09:14:27","date_gmt":"2019-08-14T07:14:27","guid":{"rendered":"https:\/\/alquienvasplastic.com\/?post_type=product&#038;p=1850"},"modified":"2024-02-13T16:21:15","modified_gmt":"2024-02-13T14:21:15","slug":"celosias","status":"publish","type":"product","link":"https:\/\/alquienvasplastic.com\/ca\/catalogo\/celosias\/","title":{"rendered":"Gelosies de pl\u00e0stic reciclat"},"content":{"rendered":"<p><\/p>\n<h3>MESURES<\/h3>\n<p>[vc_empty_space height=&#8221;25px&#8221;]<\/p>\n<h4>Element &#8220;HAZEL&#8221;<\/h4>\n<div class=\"datagrid\">\n<table>\n<thead>\n<tr>\n<th>Gruix<\/th>\n<th>Ample<\/th>\n<th>Llarg<\/th>\n<th>Color<\/th>\n<th>Pes<\/th>\n<th>Referencia<\/th>\n<\/tr>\n<\/thead>\n<tbody>\n<tr class=\"notfirst\">\n<td>9 cm<\/td>\n<td>150 cm<\/td>\n<td>180 cm<\/td>\n<td>marr\u00f3<\/td>\n<td>32 kg aprox.<\/td>\n<td>SSH150180<\/td>\n<\/tr>\n<\/tbody>\n<\/table>\n<\/div>\n<p>&nbsp;<\/p>\n<p>[vc_empty_space height=&#8221;25px&#8221;]<\/p>\n<h4>Element &#8220;RIBBON&#8221;<\/h4>\n<div class=\"datagrid\">\n<table>\n<thead>\n<tr>\n<th>Gruix<\/th>\n<th>Ample<\/th>\n<th>Llarg<\/th>\n<th>Color<\/th>\n<th>Pes<\/th>\n<th>Referencia<\/th>\n<\/tr>\n<\/thead>\n<tbody>\n<tr class=\"notfirst\">\n<td>9 cm<\/td>\n<td>150 cm<\/td>\n<td>180 cm<\/td>\n<td>marr\u00f3<\/td>\n<td>30 kg aprox.<\/td>\n<td>SPB1612250<\/td>\n<\/tr>\n<\/tbody>\n<\/table>\n<\/div>\n<p>&nbsp;<\/p>\n<p>[vc_empty_space height=&#8221;25px&#8221;]<\/p>\n<h4>Pals refor\u00e7ats i fresats<\/h4>\n<div class=\"datagrid\">\n<table>\n<thead>\n<tr>\n<th>Gruix<\/th>\n<th>Ample<\/th>\n<th>Llarg<\/th>\n<th>Color<\/th>\n<th>Pes<\/th>\n<th>Refer\u00e8ncia<\/th>\n<\/tr>\n<\/thead>\n<tbody>\n<tr class=\"notfirst\">\n<td>9 cm<\/td>\n<td>9 cm<\/td>\n<td>190 cm<\/td>\n<td>marr\u00f3<\/td>\n<td>16,2 aprox.<\/td>\n<td>AB090190F<\/td>\n<\/tr>\n<tr class=\"notfirst\">\n<td>9 cm<\/td>\n<td>9 cm<\/td>\n<td>240 cm<\/td>\n<td>marr\u00f3<\/td>\n<td>20,6 aprox.<\/td>\n<td>AB090240F<\/td>\n<\/tr>\n<\/tbody>\n<\/table>\n<\/div>\n<p>&nbsp;<\/p>\n<p>[vc_empty_space height=&#8221;25px&#8221;]<\/p>\n<h4>Soport central<\/h4>\n<div class=\"datagrid\">\n<table>\n<thead>\n<tr>\n<th>\u00d8<\/th>\n<th>Llarg<\/th>\n<th>Color<\/th>\n<th>Pes<\/th>\n<th>Referencia<\/th>\n<\/tr>\n<\/thead>\n<tbody>\n<tr class=\"notfirst\">\n<td>4 cm<\/td>\n<td>45 cm<\/td>\n<td>marr\u00f3<\/td>\n<td>0,7 kg aprox.<\/td>\n<td>VB040045<\/td>\n<\/tr>\n<\/tbody>\n<\/table>\n<\/div>\n<p><\/p>","protected":false},"excerpt":{"rendered":"<p>Milloreu la vostra qualitat de vida augmentant la vostra privadesa i protegint-vos de mirades indiscretes. Embellir el seu entorn mitjan\u00e7ant l&#8217;ocultaci\u00f3 de coses que no volen ser vistos, com ara llaunes d&#8217;escombraries o equips de jardineria. El nostre sistema modern de Celosias \u2013 panells d&#8217;ocultaci\u00f3 \u2013 Alquienvas ens recorda l&#8217;antiga gelosia de fusta per\u00f2 sense els grans inconvenients d&#8217;ells, com la podridura, els alts nivells de manteniment, els contaminants de la pintura o el vern\u00eds i risc de lesions Estella. Els panells de privacitat d&#8217;Alquienvas s\u00f3n robusts, ecol\u00f2gics i sense manteniment, agraden r\u00e0pidament per la seva atractiva aparen\u00e7a. Estan disponibles en dues versions: celos\u00eda tubular, amb una barra rodona de traceria o amb una traceria de cinta.<\/p>\n<p>Colors disponibles:<\/p>\n<table>\n<tbody>\n<tr>\n<td style=\"vertical-align: top; background-color: #a25c5e; height: 40px; width: 40px;\"><\/td>\n<\/tr>\n<\/tbody>\n<\/table>\n","protected":false},"featured_media":1851,"template":"","meta":[],"class_list":["post-1850","product","type-product","status-publish","has-post-thumbnail","hentry","product_cat-cercados-y-vallas","product_tag-vallas-plastico-recicaldo"],"_links":{"self":[{"href":"https:\/\/alquienvasplastic.com\/ca\/wp-json\/wp\/v2\/product\/1850"}],"collection":[{"href":"https:\/\/alquienvasplastic.com\/ca\/wp-json\/wp\/v2\/product"}],"about":[{"href":"https:\/\/alquienvasplastic.com\/ca\/wp-json\/wp\/v2\/types\/product"}],"wp:featuredmedia":[{"embeddable":true,"href":"https:\/\/alquienvasplastic.com\/ca\/wp-json\/wp\/v2\/media\/1851"}],"wp:attachment":[{"href":"https:\/\/alquienvasplastic.com\/ca\/wp-json\/wp\/v2\/media?parent=1850"}],"curies":[{"name":"wp","href":"https:\/\/api.w.org\/{rel}","templated":true}]}}