{"id":1821,"date":"2021-08-23T10:31:39","date_gmt":"2021-08-23T08:31:39","guid":{"rendered":"https:\/\/alquienvasplastic.com\/?post_type=product&#038;p=1821"},"modified":"2024-12-16T12:55:03","modified_gmt":"2024-12-16T10:55:03","slug":"ecopunto-con-techo","status":"publish","type":"product","link":"https:\/\/alquienvasplastic.com\/ca\/catalogo\/ecopunto-con-techo\/","title":{"rendered":"\u00c0rea d&#8217;emerg\u00e8ncia Porta a Porta de pl\u00e0stic reciclat"},"content":{"rendered":"<p>Fabriquem a mida, sol.liciti informaci\u00f3 i preus<\/p>","protected":false},"excerpt":{"rendered":"<p>Ecopunts fabricats a mesura segons espicificaci\u00f3ns del client.<\/p>\n<p>M\u00f2duls de 140 cm d&#8217;amplada per 250 cm d&#8217;al\u00e7ada<\/p>\n<p>Porta batent o corredissa de 140 cm d&#8217;amplada per 200 cm d&#8217;al\u00e7ada<\/p>\n<p>Panell Sandwich a\u00efllant<\/p>\n<p>Estructura d&#8217;acer galvanitzat<\/p>\n<p>Recobriment de pl\u00e0stic 100% reciclat<\/p>\n","protected":false},"featured_media":4905,"template":"","meta":[],"class_list":["post-1821","product","type-product","status-publish","has-post-thumbnail","hentry","product_cat-ecopuntos-plastico-reciclado","product_cat-cubre-contenedores-plastico-reciclado","product_tag-ecopuntos-plastico-reciclado"],"_links":{"self":[{"href":"https:\/\/alquienvasplastic.com\/ca\/wp-json\/wp\/v2\/product\/1821"}],"collection":[{"href":"https:\/\/alquienvasplastic.com\/ca\/wp-json\/wp\/v2\/product"}],"about":[{"href":"https:\/\/alquienvasplastic.com\/ca\/wp-json\/wp\/v2\/types\/product"}],"wp:featuredmedia":[{"embeddable":true,"href":"https:\/\/alquienvasplastic.com\/ca\/wp-json\/wp\/v2\/media\/4905"}],"wp:attachment":[{"href":"https:\/\/alquienvasplastic.com\/ca\/wp-json\/wp\/v2\/media?parent=1821"}],"curies":[{"name":"wp","href":"https:\/\/api.w.org\/{rel}","templated":true}]}}