{"id":1675,"date":"2020-04-16T11:24:54","date_gmt":"2020-04-16T09:24:54","guid":{"rendered":"https:\/\/alquienvasplastic.com\/?post_type=product&#038;p=1675"},"modified":"2024-03-05T16:42:40","modified_gmt":"2024-03-05T14:42:40","slug":"banco-bellcaire","status":"publish","type":"product","link":"https:\/\/alquienvasplastic.com\/ca\/catalogo\/banco-bellcaire\/","title":{"rendered":"Banc Bellcaire de pl\u00e0stic reciclat"},"content":{"rendered":"","protected":false},"excerpt":{"rendered":"<p>Colorss disponibles:<\/p>\n<p>&nbsp;<\/p>\n<table>\n<tbody>\n<tr>\n<td style=\"vertical-align: top; background-color: #512912; height: 40px; width: 40px;\"><\/td>\n<\/tr>\n<\/tbody>\n<\/table>\n<p>[vc_empty_space height=&#8221;40px&#8221;]<\/p>\n<h4 style=\"margin-bottom: 2%;\">Llarg:<\/h4>\n<table style=\"background-color: white;\" cellspacing=\"2px\">\n<tbody>\n<tr>\n<td style=\"vertical-align: top; background-color: #cccccc;\">200 cm<\/td>\n<\/tr>\n<\/tbody>\n<\/table>\n<p>Banc de 200 cm de 4 taulons amb refor\u00e7 interns, sense recol\u00e7abra\u00e7os<\/p>\n","protected":false},"featured_media":2994,"template":"","meta":[],"class_list":["post-1675","product","type-product","status-publish","has-post-thumbnail","hentry","product_cat-mobiliario-urbano-plastico-reciclado","product_cat-bancos-plastico-reciclado","product_tag-bancos-plastico-reciclado"],"_links":{"self":[{"href":"https:\/\/alquienvasplastic.com\/ca\/wp-json\/wp\/v2\/product\/1675"}],"collection":[{"href":"https:\/\/alquienvasplastic.com\/ca\/wp-json\/wp\/v2\/product"}],"about":[{"href":"https:\/\/alquienvasplastic.com\/ca\/wp-json\/wp\/v2\/types\/product"}],"wp:featuredmedia":[{"embeddable":true,"href":"https:\/\/alquienvasplastic.com\/ca\/wp-json\/wp\/v2\/media\/2994"}],"wp:attachment":[{"href":"https:\/\/alquienvasplastic.com\/ca\/wp-json\/wp\/v2\/media?parent=1675"}],"curies":[{"name":"wp","href":"https:\/\/api.w.org\/{rel}","templated":true}]}}