{"id":1086,"date":"2017-08-28T23:03:16","date_gmt":"2017-08-28T21:03:16","guid":{"rendered":"https:\/\/alquienvasplastic.com\/?post_type=product&#038;p=1086"},"modified":"2020-12-28T19:38:07","modified_gmt":"2020-12-28T17:38:07","slug":"tablon-estriado-estandard","status":"publish","type":"product","link":"https:\/\/alquienvasplastic.com\/ca\/catalogo\/tablon-estriado-estandard\/","title":{"rendered":"Taul\u00f3 estriat est\u00e0ndard de pl\u00e0stic reciclat"},"content":{"rendered":"<p><\/p>\n<h3>MESURES<\/h3>\n<p>[vc_empty_space height=&#8221;25px&#8221;]<\/p>\n<h4>4 x 19,7 cm &#8211; sense refor\u00e7<\/h4>\n<div class=\"datagrid\">\n<table>\n<thead>\n<tr>\n<th>Llarg<\/th>\n<th>Color<\/th>\n<th>Pes<\/th>\n<th>Refer\u00e8ncia<\/th>\n<th>Unitats per palet<\/th>\n<\/tr>\n<\/thead>\n<tbody>\n<tr class=\"notfirst\">\n<td>100 cm<\/td>\n<td>gris<\/td>\n<td>7,3 kg aprox.<\/td>\n<td>RGU050100<\/td>\n<td>120<\/td>\n<\/tr>\n<tr class=\"notfirst\">\n<td>150 cm<\/td>\n<td>gris<\/td>\n<td>11 kg aprox.<\/td>\n<td>RGU050150<\/td>\n<td>60<\/td>\n<\/tr>\n<tr class=\"notfirst\">\n<td>200 cm<\/td>\n<td>gris<\/td>\n<td>14,6 kg aprox.<\/td>\n<td>RGU050200<\/td>\n<td>60<\/td>\n<\/tr>\n<tr class=\"notfirst\">\n<td>250 cm<\/td>\n<td>gris<\/td>\n<td>18 kg aprox.<\/td>\n<td>RGU050250<\/td>\n<td>60<\/td>\n<\/tr>\n<tr class=\"notfirst\">\n<td>300 cm<\/td>\n<td>gris<\/td>\n<td>22 kg aprox.<\/td>\n<td>RGU050300<\/td>\n<td>60<\/td>\n<\/tr>\n<tr class=\"notfirst\">\n<td>100 cm<\/td>\n<td>marr\u00f3<\/td>\n<td>7,3 kg aprox.<\/td>\n<td>RBU050100<\/td>\n<td>120<\/td>\n<\/tr>\n<tr class=\"notfirst\">\n<td>150 cm<\/td>\n<td>marr\u00f3<\/td>\n<td>11 kg aprox.<\/td>\n<td>RBU050150<\/td>\n<td>60<\/td>\n<\/tr>\n<tr class=\"notfirst\">\n<td>200 cm<\/td>\n<td>marr\u00f3<\/td>\n<td>14,7 kg aprox.<\/td>\n<td>RBU050200<\/td>\n<td>60<\/td>\n<\/tr>\n<tr class=\"notfirst\">\n<td>250 cm<\/td>\n<td>marr\u00f3<\/td>\n<td>18,3 kg aprox.<\/td>\n<td>RBU050250<\/td>\n<td>60<\/td>\n<\/tr>\n<tr class=\"notfirst\">\n<td>300 cm<\/td>\n<td>marr\u00f3<\/td>\n<td>22,6 kg aprox.<\/td>\n<td>RBU050300<\/td>\n<td>60<\/td>\n<\/tr>\n<\/tbody>\n<\/table>\n<\/div>\n<p>[vc_empty_space height=&#8221;25px&#8221;]<\/p>\n<h4>4,8 x 16,5 cm &#8211; sense refor\u00e7<\/h4>\n<div class=\"datagrid\">\n<table>\n<thead>\n<tr>\n<th>Llarg<\/th>\n<th>Color<\/th>\n<th>Pes<\/th>\n<th>Refer\u00e8ncia<\/th>\n<th>Unitats per palet<\/th>\n<\/tr>\n<\/thead>\n<tbody>\n<tr class=\"notfirst\">\n<td>100 cm<\/td>\n<td>gris<\/td>\n<td>7,3 kg aprox.<\/td>\n<td>RGU048100<\/td>\n<td>75<\/td>\n<\/tr>\n<tr class=\"notfirst\">\n<td>150 cm<\/td>\n<td>gris<\/td>\n<td>11 kg aprox.<\/td>\n<td>RGU048150<\/td>\n<td>75<\/td>\n<\/tr>\n<tr class=\"notfirst\">\n<td>200 cm<\/td>\n<td>gris<\/td>\n<td>14,7 kg aprox.<\/td>\n<td>RGU048200<\/td>\n<td>75<\/td>\n<\/tr>\n<tr class=\"notfirst\">\n<td>250 cm<\/td>\n<td>gris<\/td>\n<td>18,4 kg aprox.<\/td>\n<td>RGU048250<\/td>\n<td>75<\/td>\n<\/tr>\n<tr class=\"notfirst\">\n<td>300 cm<\/td>\n<td>gris<\/td>\n<td>22 kg aprox.<\/td>\n<td>RGU048300<\/td>\n<td>75<\/td>\n<\/tr>\n<tr class=\"notfirst\">\n<td>100 cm<\/td>\n<td>marr\u00f3<\/td>\n<td>7,3 kg aprox.<\/td>\n<td>RBU048100<\/td>\n<td>75<\/td>\n<\/tr>\n<tr class=\"notfirst\">\n<td>150 cm<\/td>\n<td>marr\u00f3<\/td>\n<td>11 kg aprox.<\/td>\n<td>RBU048150<\/td>\n<td>75<\/td>\n<\/tr>\n<tr class=\"notfirst\">\n<td>200 cm<\/td>\n<td>marr\u00f3<\/td>\n<td>14,7 kg aprox.<\/td>\n<td>RBU048200<\/td>\n<td>75<\/td>\n<\/tr>\n<tr class=\"notfirst\">\n<td>250 cm<\/td>\n<td>marr\u00f3<\/td>\n<td>18,4 kg aprox.<\/td>\n<td>RBU048250<\/td>\n<td>75<\/td>\n<\/tr>\n<tr class=\"notfirst\">\n<td>300 cm<\/td>\n<td>marr\u00f3<\/td>\n<td>22 kg aprox.<\/td>\n<td>RBU048300<\/td>\n<td>75<\/td>\n<\/tr>\n<\/tbody>\n<\/table>\n<\/div>\n<p>[vc_empty_space height=&#8221;25px&#8221;]<\/p>\n<h4>6 x 19,7 cm &#8211; sense refor\u00e7<\/h4>\n<div class=\"datagrid\">\n<table>\n<thead>\n<tr>\n<th>Llarg<\/th>\n<th>Color<\/th>\n<th>Pes<\/th>\n<th>Refer\u00e8ncia<\/th>\n<th>Unitats per palet<\/th>\n<\/tr>\n<\/thead>\n<tbody>\n<tr class=\"notfirst\">\n<td>100 cm<\/td>\n<td>gris<\/td>\n<td>11 kg aprox.<\/td>\n<td>RGU060100<\/td>\n<td>80<\/td>\n<\/tr>\n<tr class=\"notfirst\">\n<td>150 cm<\/td>\n<td>gris<\/td>\n<td>16,5 kg aprox.<\/td>\n<td>RGU060150<\/td>\n<td>40<\/td>\n<\/tr>\n<tr class=\"notfirst\">\n<td>200 cm<\/td>\n<td>gris<\/td>\n<td>22 kg aprox.<\/td>\n<td>RGU060200<\/td>\n<td>40<\/td>\n<\/tr>\n<tr class=\"notfirst\">\n<td>250 cm<\/td>\n<td>gris<\/td>\n<td>27,5 kg aprox.<\/td>\n<td>RGU060250<\/td>\n<td>40<\/td>\n<\/tr>\n<tr class=\"notfirst\">\n<td>300 cm<\/td>\n<td>gris<\/td>\n<td>33 kg aprox.<\/td>\n<td>RGU060300<\/td>\n<td>40<\/td>\n<\/tr>\n<tr class=\"notfirst\">\n<td>100 cm<\/td>\n<td>marr\u00f3<\/td>\n<td>11 kg aprox.<\/td>\n<td>RBU060100<\/td>\n<td>80<\/td>\n<\/tr>\n<tr class=\"notfirst\">\n<td>150 cm<\/td>\n<td>marr\u00f3<\/td>\n<td>16,5 kg aprox.<\/td>\n<td>RBU060150<\/td>\n<td>40<\/td>\n<\/tr>\n<tr class=\"notfirst\">\n<td>200 cm<\/td>\n<td>marr\u00f3<\/td>\n<td>22 kg aprox.<\/td>\n<td>RBU060200<\/td>\n<td>40<\/td>\n<\/tr>\n<tr class=\"notfirst\">\n<td>250 cm<\/td>\n<td>marr\u00f3<\/td>\n<td>27,5 kg aprox.<\/td>\n<td>RBU060250<\/td>\n<td>40<\/td>\n<\/tr>\n<tr class=\"notfirst\">\n<td>300 cm<\/td>\n<td>marr\u00f3<\/td>\n<td>33 kg aprox.<\/td>\n<td>RBU060300<\/td>\n<td>40<\/td>\n<\/tr>\n<\/tbody>\n<\/table>\n<\/div>\n<p>[vc_empty_space height=&#8221;25px&#8221;]<\/p>\n<h4>4 x 19,7 cm &#8211; amb refor\u00e7<\/h4>\n<div class=\"datagrid\">\n<table>\n<thead>\n<tr>\n<th>Llarg<\/th>\n<th>Color<\/th>\n<th>Pes<\/th>\n<th>Refer\u00e8ncia<\/th>\n<th>Unitats per palet<\/th>\n<\/tr>\n<\/thead>\n<tbody>\n<tr class=\"notfirst\">\n<td>100 cm<\/td>\n<td>gris<\/td>\n<td>8,4 kg aprox.<\/td>\n<td>RGA050100<\/td>\n<td>120<\/td>\n<\/tr>\n<tr class=\"notfirst\">\n<td>150 cm<\/td>\n<td>gris<\/td>\n<td>12,6 kg aprox.<\/td>\n<td>RGA050150<\/td>\n<td>60<\/td>\n<\/tr>\n<tr class=\"notfirst\">\n<td>200 cm<\/td>\n<td>gris<\/td>\n<td>16,9 kg aprox.<\/td>\n<td>RGA050200<\/td>\n<td>60<\/td>\n<\/tr>\n<tr class=\"notfirst\">\n<td>250 cm<\/td>\n<td>gris<\/td>\n<td>21 kg aprox.<\/td>\n<td>RGA050250<\/td>\n<td>60<\/td>\n<\/tr>\n<tr class=\"notfirst\">\n<td>300 cm<\/td>\n<td>gris<\/td>\n<td>25 kg aprox.<\/td>\n<td>RGA050300<\/td>\n<td>60<\/td>\n<\/tr>\n<tr class=\"notfirst\">\n<td>100 cm<\/td>\n<td>marr\u00f3<\/td>\n<td>8,4 kg aprox.<\/td>\n<td>RBA050100<\/td>\n<td>120<\/td>\n<\/tr>\n<tr class=\"notfirst\">\n<td>150 cm<\/td>\n<td>marr\u00f3<\/td>\n<td>12,6 kg aprox.<\/td>\n<td>RBA050150<\/td>\n<td>60<\/td>\n<\/tr>\n<tr class=\"notfirst\">\n<td>200 cm<\/td>\n<td>marr\u00f3<\/td>\n<td>16,9 kg aprox.<\/td>\n<td>RBA050200<\/td>\n<td>60<\/td>\n<\/tr>\n<tr class=\"notfirst\">\n<td>250 cm<\/td>\n<td>marr\u00f3<\/td>\n<td>21 kg aprox.<\/td>\n<td>RBA050250<\/td>\n<td>60<\/td>\n<\/tr>\n<tr class=\"notfirst\">\n<td>300 cm<\/td>\n<td>marr\u00f3<\/td>\n<td>25,2 kg aprox.<\/td>\n<td>RBA050300<\/td>\n<td>60<\/td>\n<\/tr>\n<\/tbody>\n<\/table>\n<\/div>\n<p>[vc_empty_space height=&#8221;25px&#8221;]<\/p>\n<h4>4,8 x 16,5 cm &#8211; amb refor\u00e7<\/h4>\n<div class=\"datagrid\">\n<table>\n<thead>\n<tr>\n<th>Llarg<\/th>\n<th>Color<\/th>\n<th>Pes<\/th>\n<th>Refer\u00e8ncia<\/th>\n<th>Unitats per palet<\/th>\n<\/tr>\n<\/thead>\n<tbody>\n<tr class=\"notfirst\">\n<td>100 cm<\/td>\n<td>gris<\/td>\n<td>8,5 kg aprox.<\/td>\n<td>RGA048100<\/td>\n<td>75<\/td>\n<\/tr>\n<tr class=\"notfirst\">\n<td>150 cm<\/td>\n<td>gris<\/td>\n<td>12,9 kg aprox.<\/td>\n<td>RGA048150<\/td>\n<td>75<\/td>\n<\/tr>\n<tr class=\"notfirst\">\n<td>200 cm<\/td>\n<td>gris<\/td>\n<td>17 kg aprox.<\/td>\n<td>RGA048200<\/td>\n<td>75<\/td>\n<\/tr>\n<tr class=\"notfirst\">\n<td>250 cm<\/td>\n<td>gris<\/td>\n<td>21,3 kg aprox.<\/td>\n<td>RGA048250<\/td>\n<td>75<\/td>\n<\/tr>\n<tr class=\"notfirst\">\n<td>300 cm<\/td>\n<td>gris<\/td>\n<td>25,5 kg aprox.<\/td>\n<td>RGA048300<\/td>\n<td>75<\/td>\n<\/tr>\n<tr class=\"notfirst\">\n<td>100 cm<\/td>\n<td>marr\u00f3<\/td>\n<td>8,5 kg aprox.<\/td>\n<td>RBA048100<\/td>\n<td>75<\/td>\n<\/tr>\n<tr class=\"notfirst\">\n<td>150 cm<\/td>\n<td>marr\u00f3<\/td>\n<td>12,8 kg aprox.<\/td>\n<td>RBA048150<\/td>\n<td>75<\/td>\n<\/tr>\n<tr class=\"notfirst\">\n<td>200 cm<\/td>\n<td>marr\u00f3<\/td>\n<td>17 kg aprox.<\/td>\n<td>RBA048200<\/td>\n<td>75<\/td>\n<\/tr>\n<tr class=\"notfirst\">\n<td>250 cm<\/td>\n<td>marr\u00f3<\/td>\n<td>21,3 kg aprox.<\/td>\n<td>RBA048250<\/td>\n<td>75<\/td>\n<\/tr>\n<tr class=\"notfirst\">\n<td>300 cm<\/td>\n<td>marr\u00f3<\/td>\n<td>25,5 kg aprox.<\/td>\n<td>RBA048300<\/td>\n<td>75<\/td>\n<\/tr>\n<\/tbody>\n<\/table>\n<\/div>\n<p>[vc_empty_space height=&#8221;25px&#8221;]<\/p>\n<h4>6 x 19,7 cm &#8211; amb refor\u00e7<\/h4>\n<div class=\"datagrid\">\n<table>\n<thead>\n<tr>\n<th>Llarg<\/th>\n<th>Color<\/th>\n<th>Pes<\/th>\n<th>Refer\u00e8ncia<\/th>\n<th>Unitats per palet<\/th>\n<\/tr>\n<\/thead>\n<tbody>\n<tr class=\"notfirst\">\n<td>100 cm<\/td>\n<td>gris<\/td>\n<td>12 kg aprox.<\/td>\n<td>RGA060100<\/td>\n<td>80<\/td>\n<\/tr>\n<tr class=\"notfirst\">\n<td>150 cm<\/td>\n<td>gris<\/td>\n<td>18,1 kg aprox.<\/td>\n<td>RGA060150<\/td>\n<td>40<\/td>\n<\/tr>\n<tr class=\"notfirst\">\n<td>200 cm<\/td>\n<td>gris<\/td>\n<td>24,2 kg aprox.<\/td>\n<td>RGA060200<\/td>\n<td>40<\/td>\n<\/tr>\n<tr class=\"notfirst\">\n<td>250 cm<\/td>\n<td>gris<\/td>\n<td>30,2 kg aprox.<\/td>\n<td>RGA060250<\/td>\n<td>40<\/td>\n<\/tr>\n<tr class=\"notfirst\">\n<td>300 cm<\/td>\n<td>gris<\/td>\n<td>36,2 kg aprox.<\/td>\n<td>RGA060300<\/td>\n<td>40<\/td>\n<\/tr>\n<tr class=\"notfirst\">\n<td>100 cm<\/td>\n<td>marr\u00f3<\/td>\n<td>12,1 kg aprox.<\/td>\n<td>RBA060100<\/td>\n<td>80<\/td>\n<\/tr>\n<tr class=\"notfirst\">\n<td>150 cm<\/td>\n<td>marr\u00f3<\/td>\n<td>18 kg aprox.<\/td>\n<td>RBA060150<\/td>\n<td>40<\/td>\n<\/tr>\n<tr class=\"notfirst\">\n<td>200 cm<\/td>\n<td>marr\u00f3<\/td>\n<td>24,2 kg aprox.<\/td>\n<td>RBA060200<\/td>\n<td>40<\/td>\n<\/tr>\n<tr class=\"notfirst\">\n<td>250 cm<\/td>\n<td>marr\u00f3<\/td>\n<td>30,2 kg aprox.<\/td>\n<td>RBA060250<\/td>\n<td>40<\/td>\n<\/tr>\n<tr class=\"notfirst\">\n<td>300 cm<\/td>\n<td>marr\u00f3<\/td>\n<td>36,2 kg aprox.<\/td>\n<td>RBA060300<\/td>\n<td>40<\/td>\n<\/tr>\n<\/tbody>\n<\/table>\n<p>&nbsp;<\/p>\n<\/div>\n<p><\/p>","protected":false},"excerpt":{"rendered":"<p>Colors disponibles:<\/p>\n<table>\n<tbody>\n<tr>\n<td style=\"vertical-align: top; background-color: #66544a; height: 40px; width: 40px;\"><\/td>\n<td style=\"vertical-align: top; background-color: #7f8082; height: 40px; width: 40px;\"><\/td>\n<\/tr>\n<\/tbody>\n<\/table>\n<p>[vc_empty_space height=&#8221;40px&#8221;]<\/p>\n<h4 style=\"margin-bottom: 2%;\">MESURES (llarg x ample):<\/h4>\n<table style=\"background-color: white;\" cellspacing=\"2\">\n<tbody>\n<tr>\n<td style=\"vertical-align: top; background-color: #cccccc;\">4 x 19,7 cm<\/td>\n<td style=\"vertical-align: top; background-color: #ffffff;\"><\/td>\n<td style=\"vertical-align: top; background-color: #cccccc;\">4,8 x 16,5 cm<\/td>\n<td style=\"vertical-align: top; background-color: #ffffff;\"><\/td>\n<td style=\"vertical-align: top; background-color: #cccccc;\">6 x 19,7 cm<\/td>\n<\/tr>\n<\/tbody>\n<\/table>\n","protected":false},"featured_media":1796,"template":"","meta":[],"class_list":["post-1086","product","type-product","status-publish","has-post-thumbnail","hentry","product_cat-pavimentos","product_cat-tablones-estriados-plastico-reciclado","product_tag-pasarelas-de-plastico-reciclado","product_tag-tarimas-de-plastico-reciclado","product_tag-tablones-de-plastico-reciclado"],"_links":{"self":[{"href":"https:\/\/alquienvasplastic.com\/ca\/wp-json\/wp\/v2\/product\/1086"}],"collection":[{"href":"https:\/\/alquienvasplastic.com\/ca\/wp-json\/wp\/v2\/product"}],"about":[{"href":"https:\/\/alquienvasplastic.com\/ca\/wp-json\/wp\/v2\/types\/product"}],"wp:featuredmedia":[{"embeddable":true,"href":"https:\/\/alquienvasplastic.com\/ca\/wp-json\/wp\/v2\/media\/1796"}],"wp:attachment":[{"href":"https:\/\/alquienvasplastic.com\/ca\/wp-json\/wp\/v2\/media?parent=1086"}],"curies":[{"name":"wp","href":"https:\/\/api.w.org\/{rel}","templated":true}]}}