{"id":1013,"date":"2017-08-17T22:29:55","date_gmt":"2017-08-17T20:29:55","guid":{"rendered":"https:\/\/alquienvasplastic.com\/?post_type=product&#038;p=1013"},"modified":"2023-05-10T11:06:17","modified_gmt":"2023-05-10T09:06:17","slug":"pilon-con-cabeza-hemisferico-20","status":"publish","type":"product","link":"https:\/\/alquienvasplastic.com\/ca\/catalogo\/pilon-con-cabeza-hemisferico-20\/","title":{"rendered":"Pil\u00f3 amb cap hemisf\u00e8ric \u00d8 20 cm"},"content":{"rendered":"<p><\/p>\n<h3>MESURES<\/h3>\n<p>[vc_empty_space height=&#8221;25px&#8221;]<\/p>\n<h3>\u00d8 20 cm<\/h3>\n<div class=\"datagrid\">\n<table>\n<thead>\n<tr>\n<th>Llarg<\/th>\n<th>Color<\/th>\n<th>Pes<\/th>\n<th>Refer\u00e8ncia<\/th>\n<th>Unitats per palet<\/th>\n<\/thead>\n<tbody>\n<\/tr>\n<tr class=\"notfirst\">\n<td>120 cm<\/td>\n<td>gris<\/td>\n<td>18,5 kg aprox.<\/td>\n<td>PG20120<\/td>\n<td>16<\/td>\n<\/tr>\n<tr class=\"notfirst\">\n<td>150 cm<\/td>\n<td>gris<\/td>\n<td>23,3 kg aprox.<\/td>\n<td>PG20150<\/td>\n<td>16<\/td>\n<\/tr>\n<tr class=\"notfirst\">\n<td>120 cm<\/td>\n<td>marr\u00f3<\/td>\n<td>18,5 kg aprox.<\/td>\n<td>PB20120<\/td>\n<td>16<\/td>\n<\/tr>\n<tr class=\"notfirst\">\n<td>150 cm<\/td>\n<td>marr\u00f3<\/td>\n<td>23,3 kg aprox.<\/td>\n<td>PB20150<\/td>\n<td>16<\/td>\n<\/tr>\n<\/tbody>\n<\/table>\n<\/div>\n<p>&nbsp;<\/p>\n<p>[vc_empty_space height=&#8221;25px&#8221;]<\/p>\n<h3>\u00d8 20 cm + 2 Bandes reflectores<\/h3>\n<div class=\"datagrid\">\n<table>\n<thead>\n<tr>\n<th>Llarg<\/th>\n<th>Color<\/th>\n<th>Pes<\/th>\n<th>Refer\u00e8ncia<\/th>\n<th>Unitats per palet<\/th>\n<\/thead>\n<tbody>\n<\/tr>\n<tr class=\"notfirst\">\n<td>120 cm<\/td>\n<td>gris<\/td>\n<td>26,5 kg aprox.<\/td>\n<td>\u00a0PG20120A<\/td>\n<td>16<\/td>\n<\/tr>\n<tr class=\"notfirst\">\n<td>150 cm<\/td>\n<td>gris<\/td>\n<td>23,2 kg aprox.<\/td>\n<td>\u00a0PG20150A<\/td>\n<td>16<\/td>\n<\/tr>\n<tr class=\"notfirst\">\n<td>120 cm<\/td>\n<td>marr\u00f3<\/td>\n<td>26,5 kg aprox.<\/td>\n<td>\u00a0PB20120A<\/td>\n<td>16<\/td>\n<\/tr>\n<tr class=\"notfirst\">\n<td>150 cm<\/td>\n<td>marr\u00f3<\/td>\n<td>23,2 kg aprox.<\/td>\n<td>\u00a0PB20150A<\/td>\n<td>16<\/td>\n<\/tr>\n<\/tbody>\n<\/table>\n<\/div>\n<p>&nbsp;<\/p>\n<p>[vc_empty_space height=&#8221;25px&#8221;]<br \/>\n<\/p>","protected":false},"excerpt":{"rendered":"<p>Colors disponibles:<\/p>\n<table>\n<tbody>\n<tr>\n<td style=\"vertical-align: top; background-color: #473a32; height: 40px; width: 40px;\"><\/td>\n<td style=\"vertical-align: top; background-color: #575757; height: 40px; width: 40px;\"><\/td>\n<\/tr>\n<\/tbody>\n<\/table>\n<p>[vc_empty_space height=&#8221;40px&#8221;]<\/p>\n<h4 style=\"margin-bottom: 2%;\">\u00d8 DI\u00c0METRES:<\/h4>\n<table style=\"background-color: white;\" cellspacing=\"2px\">\n<tbody>\n<tr>\n<td style=\"vertical-align: top; background-color: #cccccc;\">20 cm<\/td>\n<\/tr>\n<\/tbody>\n<\/table>\n","protected":false},"featured_media":2269,"template":"","meta":[],"class_list":["post-1013","product","type-product","status-publish","has-post-thumbnail","hentry","product_cat-cercados-y-vallas","product_cat-pilones-plastico-reciclado","product_tag-pilones-plastico-reciclado"],"_links":{"self":[{"href":"https:\/\/alquienvasplastic.com\/ca\/wp-json\/wp\/v2\/product\/1013"}],"collection":[{"href":"https:\/\/alquienvasplastic.com\/ca\/wp-json\/wp\/v2\/product"}],"about":[{"href":"https:\/\/alquienvasplastic.com\/ca\/wp-json\/wp\/v2\/types\/product"}],"wp:featuredmedia":[{"embeddable":true,"href":"https:\/\/alquienvasplastic.com\/ca\/wp-json\/wp\/v2\/media\/2269"}],"wp:attachment":[{"href":"https:\/\/alquienvasplastic.com\/ca\/wp-json\/wp\/v2\/media?parent=1013"}],"curies":[{"name":"wp","href":"https:\/\/api.w.org\/{rel}","templated":true}]}}