{"id":765,"date":"2017-07-15T17:14:11","date_gmt":"2017-07-15T15:14:11","guid":{"rendered":"https:\/\/alquienvasplastic.com\/?page_id=765"},"modified":"2020-07-28T14:37:00","modified_gmt":"2020-07-28T12:37:00","slug":"aviso-legal","status":"publish","type":"page","link":"https:\/\/alquienvasplastic.com\/ca\/aviso-legal\/","title":{"rendered":"Avis legal"},"content":{"rendered":"<p>[vc_row][vc_column][vc_column_text]<\/p>\n<p style=\"text-align: justify;\">El presente aviso legal (de ahora en adelante, el \u201cAviso Legal\u201d) regula el uso del servicio del portal de Internet http:\/\/www.alquienvas.com (de ahora en adelante, la \u201cWeb\u201d) de Alqui.envas Medio Ambiente con domicilio social en C\/ Catalunya,4 25337 Bellcaire d\u2019Urgell (L\u00e9rida) y CIF: B25335332<\/p>\n<h3 style=\"text-align: justify;\">Legislaci\u00f3n<\/h3>\n<p style=\"text-align: justify;\">A todos los efectos las relaciones entre\u00a0Alqui.envas Medio Ambiente con los Usuarios de sus servicios telem\u00e1ticos, presentes en la Web, se encuentran sometidas a la legislaci\u00f3n y jurisdicci\u00f3n espa\u00f1olas. Las partes renuncian expresamente al fuero que los pudiera corresponder y someten expresamente a los Juzgados y Tribunales de Lleida para resolver cualquier controversia que pueda surgir en la interpretaci\u00f3n o ejecuci\u00f3n de las presentes condiciones contractuales.<\/p>\n<h3 style=\"text-align: justify;\">Contenido y uso<\/h3>\n<p style=\"text-align: justify;\">El Usuario queda informado, y acepta, que el acceso en la presente web no supone, de ninguna forma, el inicio de una relaci\u00f3n comercial con Alqui.envas Medio Ambiente El titular del web no se identifica con las opiniones abocadas en el mismo por sus colaboradores. La Empresa se reserva el derecho de efectuar sin previo aviso las modificaciones que considere oportunas en su Web, pudiendo cambiar, suprimir o a\u00f1adir tanto los contenidos y servicios que se presten a trav\u00e9s de la misma como la forma en la cual estos aparezcan presentados o localizados en sus servidores.<\/p>\n<h3>Formularios de contacto<\/h3>\n<p>El Titular solicita datos personales entre los que pueden estar: Nombre y apellidos, direcci\u00f3n de correo electr\u00f3nico, n\u00famero de tel\u00e9fono y direcci\u00f3n con la finalidad de responder a tus consultas, para gestionar la lista de suscripciones, enviar boletines, promociones y ofertas especiales.<br \/>\nLos datos que facilites a Alquienvas estar\u00e1n ubicados en los servidores de Alquienvas, con domicilio en Alquienvas Espa\u00f1a.<\/p>\n<h3 style=\"text-align: justify;\">Propiedad intelectual e industrial<\/h3>\n<p style=\"text-align: justify;\">Los derechos de propiedad intelectual del contenido de las p\u00e1ginas web, su dise\u00f1o gr\u00e1fico y c\u00f3digos son titularidad de\u00a0Alqui.envas Medio Ambiente y, por lo tanto, queda prohibida su reproducci\u00f3n, distribuci\u00f3n, comunicaci\u00f3n p\u00fablica, transformaci\u00f3n o cualquier otra actividad que se pueda realizar con los contenidos de sus p\u00e1ginas web ni todav\u00eda citando las fuentes, excepto consentimiento por escrito del propietario. Todos los nombres comerciales, marcas o signos diferentes de cualquier clase contenidos a las p\u00e1ginas web de la Empresa son propiedad de sus amos y est\u00e1n protegidos por ley.<\/p>\n<h3 style=\"text-align: justify;\">Enlaces (<em>links<\/em>)<\/h3>\n<p style=\"text-align: justify;\">La presencia de enlaces (<em>links<\/em>) a la p\u00e1gina web tienen finalidad meramente informativa y en ning\u00fan caso suponen sugerencia, invitaci\u00f3n o recomendaci\u00f3n sobre los mismos.<\/p>\n<h3 style=\"text-align: justify;\">Pol\u00edtica de galletas (o\u00a0<em>cookies<\/em>)<\/h3>\n<p style=\"text-align: justify;\">La Web utiliza las galletas estrictamente necesarias y esenciales porque usted utilice nuestro sitio web y se pueda mover libremente, utilizar \u00e1reas seguras, opciones personalizadas, etc. Adem\u00e1s, utiliza galletas que recogen datos relativos al an\u00e1lisis de uso del Web. Estas se utilizan para ayudar a mejorar y medir el uso y el rendimiento de la p\u00e1gina para optimizarla y personalizarla.<br \/>\nNuestro lugar tambi\u00e9n puede tener enlaces de redes sociales (como Facebook, Youtube o Linkedin).<br \/>\nAlqui.envas Medio Ambiente no controla las galletas utilizadas por estos webs externos.<br \/>\nPara m\u00e1s informaci\u00f3n sobre las galletas de las redes sociales u otras webs ajenas, le aconsejamos revisar sus pol\u00edticas de galletas.<br \/>\nM\u00e1s informaci\u00f3n sobre las galletas en la\u00a0<a href=\"http:\/\/www.agpd.es\/portalwebAGPD\/canaldocumentacion\/publicaciones\/common\/Guias\/Guia_Cookies.pdf\" target=\"_blank\" rel=\"noopener noreferrer\">Gu\u00eda sobre lo uso de las cookies<\/a>\u00a0de la\u00a0<a href=\"http:\/\/www.agpd.es\/\" target=\"_blank\" rel=\"noopener noreferrer\">Agencia Espa\u00f1ola de Protecci\u00f3n de Datos<\/a>.<\/p>\n<h3 style=\"text-align: justify;\">Datos Fiscales<\/h3>\n<p style=\"text-align: justify;\">Alquienvas, S.L.<br \/>\nCIF: B25335332<br \/>\nC\/ Catalunya,4<br \/>\n25337 Bellcaire d\u2019Urgell<br \/>\nL\u00e9rida<br \/>\nTel\u00e9fono: +34 973 586 067<\/p>\n<p>[\/vc_column_text][\/vc_column][\/vc_row]<\/p>","protected":false},"excerpt":{"rendered":"<p>[vc_row][vc_column][vc_column_text] El presente aviso legal (de ahora en adelante, el \u201cAviso Legal\u201d) regula el uso del servicio del portal de Internet http:\/\/www.alquienvas.com (de ahora en adelante, la \u201cWeb\u201d) de Alqui.envas Medio Ambiente con domicilio social en C\/ Catalunya,4 25337 Bellcaire d\u2019Urgell (L\u00e9rida) y CIF: B25335332 Legislaci\u00f3n A todos los efectos las relaciones entre\u00a0Alqui.envas Medio Ambiente [&hellip;]<\/p>\n","protected":false},"author":3,"featured_media":0,"parent":0,"menu_order":0,"comment_status":"closed","ping_status":"closed","template":"page-single_footer.php","meta":{"footnotes":""},"class_list":["post-765","page","type-page","status-publish","hentry"],"_links":{"self":[{"href":"https:\/\/alquienvasplastic.com\/ca\/wp-json\/wp\/v2\/pages\/765"}],"collection":[{"href":"https:\/\/alquienvasplastic.com\/ca\/wp-json\/wp\/v2\/pages"}],"about":[{"href":"https:\/\/alquienvasplastic.com\/ca\/wp-json\/wp\/v2\/types\/page"}],"author":[{"embeddable":true,"href":"https:\/\/alquienvasplastic.com\/ca\/wp-json\/wp\/v2\/users\/3"}],"replies":[{"embeddable":true,"href":"https:\/\/alquienvasplastic.com\/ca\/wp-json\/wp\/v2\/comments?post=765"}],"version-history":[{"count":0,"href":"https:\/\/alquienvasplastic.com\/ca\/wp-json\/wp\/v2\/pages\/765\/revisions"}],"wp:attachment":[{"href":"https:\/\/alquienvasplastic.com\/ca\/wp-json\/wp\/v2\/media?parent=765"}],"curies":[{"name":"wp","href":"https:\/\/api.w.org\/{rel}","templated":true}]}}