{"id":600,"date":"2017-06-15T15:30:04","date_gmt":"2017-06-15T13:30:04","guid":{"rendered":"https:\/\/alquienvasplastic.com\/?page_id=600"},"modified":"2025-04-02T10:08:43","modified_gmt":"2025-04-02T08:08:43","slug":"ventajas-y-caracteristicas","status":"publish","type":"page","link":"https:\/\/alquienvasplastic.com\/ca\/ventajas-y-caracteristicas\/","title":{"rendered":"MATERIAL"},"content":{"rendered":"<p>[vc_row 0=&#8221;&#8221; full_width=&#8221;stretch_row_content_no_spaces&#8221;][vc_column 0=&#8221;&#8221; width=&#8221;1\/6&#8243;][\/vc_column][vc_column width=&#8221;2\/3&#8243;][vc_single_image image=&#8221;3232&#8243; img_size=&#8221;full&#8221; alignment=&#8221;center&#8221;][vc_column_text]El material de ALQUIENVAS es compon de pl\u00e0stics secundaris. Els principals components d&#8217;aquestes barreges s\u00f3n de polietil\u00e8 (LDPE\/HDPE) i polipropil\u00e8 (PP). L&#8217;\u00fas d&#8217;aquests pl\u00e0stics reciclats t\u00e9 una puresa del material &gt;95%, \u00e9s el nou material que t\u00e9 cura del medi ambient i fa que els residus es converteixin en recursos.[\/vc_column_text][vc_empty_space][\/vc_column][vc_column width=&#8221;1\/6&#8243;][\/vc_column][\/vc_row][vc_row full_width=&#8221;stretch_row&#8221; equal_height=&#8221;yes&#8221; content_placement=&#8221;middle&#8221; css=&#8221;.vc_custom_1497533837757{border-radius: 35px !important;}&#8221;][vc_column width=&#8221;1\/3&#8243; css=&#8221;.vc_custom_1588687350216{background-color: #ffffff !important;border-radius: 30px !important;}&#8221;][vc_icon icon_fontawesome=&#8221;fa fa-leaf&#8221; color=&#8221;green&#8221; size=&#8221;xl&#8221; align=&#8221;center&#8221;]    \n    <div class=\"title_subtitle\" style=\"text-align:center\">\n        <h3 style=\"color:#81d742 !important; font-size:26px\">ECOL\u00d2GICS<\/h3>\n                    <\/div>\n\n\t[\/vc_column][vc_column width=&#8221;2\/3&#8243;][vc_column_text css=&#8221;.vc_custom_1595570267279{margin-top: 0px !important;border-top-width: 0px !important;padding-top: 0px !important;border-radius: 10px !important;}&#8221;]<\/p>\n<ul>\n<li><span style=\"font-family: Lato,Raleway,'Helvetica Neue',Helvetica,Arial,sans-serif; font-size: 14pt;\"><span style=\"font-size: 12pt;\"><span style=\"font-size: 18pt;\"><span style=\"font-size: 14pt;\">Fabricats amb materials pl\u00e0stics d&#8217;alta qualitat<\/span><\/span><\/span><\/span><\/li>\n<li><span style=\"font-family: Lato,Raleway,'Helvetica Neue',Helvetica,Arial,sans-serif; font-size: 14pt;\"><span style=\"font-size: 12pt;\"><span style=\"font-size: 18pt;\"><span style=\"font-size: 14pt;\">100% Reciclables, Recuperables i Reutilitzables<br \/>\n<\/span><\/span><\/span><\/span><\/li>\n<li><span style=\"font-family: Lato,Raleway,'Helvetica Neue',Helvetica,Arial,sans-serif; font-size: 14pt;\"><span style=\"font-size: 12pt;\"><span style=\"font-size: 18pt;\"><span style=\"font-size: 14pt;\">S\u00f3n sostenibles<\/span><\/span><\/span><\/span><\/li>\n<li><span style=\"font-family: Lato,Raleway,'Helvetica Neue',Helvetica,Arial,sans-serif; font-size: 14pt;\"><span style=\"font-size: 12pt;\"><span style=\"font-size: 18pt;\"><span style=\"font-size: 14pt;\">Sense imprimacions, no contenen additius<\/span><\/span><\/span><\/span><\/li>\n<li><span style=\"font-family: Lato,Raleway,'Helvetica Neue',Helvetica,Arial,sans-serif; font-size: 14pt;\"><span style=\"font-size: 12pt;\"><span style=\"font-size: 14pt;\">Guardonats amb els certificats de m\u00e0xima qualitat<\/span><\/span><\/span><\/li>\n<\/ul>\n<p>[\/vc_column_text][\/vc_column][\/vc_row][vc_row 0=&#8221;&#8221;][vc_column 0=&#8221;&#8221;][vc_empty_space 0=&#8221;&#8221; height=&#8221;15&#8243;][\/vc_column][\/vc_row][vc_row full_width=&#8221;stretch_row&#8221; equal_height=&#8221;yes&#8221; content_placement=&#8221;middle&#8221; css=&#8221;.vc_custom_1497533837757{border-radius: 35px !important;}&#8221;][vc_column width=&#8221;1\/3&#8243; css=&#8221;.vc_custom_1588687425187{background-color: #ffffff !important;border-radius: 30px !important;}&#8221;][vc_icon icon_fontawesome=&#8221;fa fa-line-chart&#8221; size=&#8221;xl&#8221; align=&#8221;center&#8221;]    \n    <div class=\"title_subtitle\" style=\"text-align:center\">\n        <h3 style=\"color:#1e73be !important; font-size:26px\">ECON\u00d2MICS<\/h3>\n                    <\/div>\n\n\t[\/vc_column][vc_column width=&#8221;2\/3&#8243;][vc_column_text css=&#8221;.vc_custom_1585046478044{margin-top: 0px !important;border-top-width: 0px !important;padding-top: 0px !important;border-radius: 10px !important;}&#8221;]<\/p>\n<div class=\"ptsCell\">\n<div class=\"ptsEl\" data-type=\"txt\" data-el=\"table_cell_txt\">\n<ul>\n<li><span style=\"font-family: Lato,Raleway,'Helvetica Neue',Helvetica,Arial,sans-serif; font-size: 14pt;\"><span style=\"font-size: 12pt;\"><span style=\"font-size: 14pt;\">Sense costos de manteniment<\/span><\/span><\/span><\/li>\n<li><span style=\"font-family: Lato,Raleway,'Helvetica Neue',Helvetica,Arial,sans-serif; font-size: 14pt;\"><span style=\"font-size: 12pt;\"><span style=\"font-size: 14pt;\">Llarga vida \u00fatil, garantia de 25 anys<\/span><\/span><\/span><\/li>\n<li><span style=\"font-family: Lato,Raleway,'Helvetica Neue',Helvetica,Arial,sans-serif; font-size: 14pt;\"><span style=\"font-size: 12pt;\"><span style=\"font-size: 14pt;\">Inalterables al pas del temps<\/span><\/span><\/span><\/li>\n<li><span style=\"font-family: Lato,Raleway,'Helvetica Neue',Helvetica,Arial,sans-serif; font-size: 14pt;\"><span style=\"font-size: 12pt;\"><span style=\"font-size: 14pt;\">Muntatge r\u00e0pid <\/span><\/span><\/span><\/li>\n<li><span style=\"font-family: Lato,Raleway,'Helvetica Neue',Helvetica,Arial,sans-serif; font-size: 14pt;\"><span style=\"font-size: 12pt;\"><span style=\"font-size: 14pt;\">Excel\u00b7lent relaci\u00f3 qualitat &#8211; preu<\/span><\/span><\/span><\/li>\n<\/ul>\n<\/div>\n<\/div>\n<p>[\/vc_column_text][\/vc_column][\/vc_row][vc_row 0=&#8221;&#8221;][vc_column 0=&#8221;&#8221;][vc_empty_space 0=&#8221;&#8221; height=&#8221;15&#8243;][\/vc_column][\/vc_row][vc_row full_width=&#8221;stretch_row&#8221; equal_height=&#8221;yes&#8221; content_placement=&#8221;middle&#8221; css=&#8221;.vc_custom_1497713610471{margin-bottom: 0px !important;border-bottom-width: 0px !important;padding-bottom: 0px !important;border-radius: 35px !important;}&#8221;][vc_column width=&#8221;1\/3&#8243; css=&#8221;.vc_custom_1588687524515{background-color: #ffffff !important;border-radius: 30px !important;}&#8221;][vc_icon icon_fontawesome=&#8221;fa fa-wrench&#8221; color=&#8221;custom&#8221; size=&#8221;xl&#8221; align=&#8221;center&#8221; custom_color=&#8221;#eeee22&#8243;]    \n    <div class=\"title_subtitle\" style=\"text-align:center\">\n        <h3 style=\"color:#eeee22 !important; font-size:26px\">PR\u00c0CTICS<\/h3>\n                    <\/div>\n\n\t[\/vc_column][vc_column width=&#8221;2\/3&#8243;][vc_column_text css=&#8221;.vc_custom_1585046361483{margin-top: 0px !important;border-top-width: 0px !important;padding-top: 0px !important;border-radius: 10px !important;}&#8221;]<\/p>\n<ul>\n<li><span style=\"font-family: Lato,Raleway,'Helvetica Neue',Helvetica,Arial,sans-serif; font-size: 14pt;\"><span style=\"font-size: 12pt;\"><span style=\"font-size: 18pt;\"><span style=\"font-size: 14pt;\">Productes sota constant control i Reconeixement<\/span><\/span><\/span><\/span><\/li>\n<li><span style=\"font-family: Lato,Raleway,'Helvetica Neue',Helvetica,Arial,sans-serif; font-size: 14pt;\"><span style=\"font-size: 12pt;\"><span style=\"font-size: 18pt;\"><span style=\"font-size: 14pt;\">Contenen estabilitzants als raigs UV<\/span><\/span><\/span><\/span><\/li>\n<li><span style=\"font-family: Lato,Raleway,'Helvetica Neue',Helvetica,Arial,sans-serif; font-size: 14pt;\"><span style=\"font-size: 12pt;\"><span style=\"font-size: 18pt;\"><span style=\"font-size: 14pt;\">Resistents a la intemp\u00e8rie, a \u00e0cids, olis, sals i aigua de mar<\/span><\/span><\/span><\/span><\/li>\n<li><span style=\"font-family: Lato,Raleway,'Helvetica Neue',Helvetica,Arial,sans-serif; font-size: 14pt;\"><span style=\"font-size: 12pt;\"><span style=\"font-size: 18pt;\"><span style=\"font-size: 14pt;\">No es veuen afectats per la humitat<\/span><\/span><\/span><\/span><\/li>\n<li><span style=\"font-family: Lato,Raleway,'Helvetica Neue',Helvetica,Arial,sans-serif; font-size: 14pt;\"><span style=\"font-size: 12pt;\"><span style=\"font-size: 18pt;\"><span style=\"font-size: 14pt;\">No s&#8217;estellen <\/span><\/span><\/span><\/span><\/li>\n<li><span style=\"font-family: Lato,Raleway,'Helvetica Neue',Helvetica,Arial,sans-serif; font-size: 14pt;\"><span style=\"font-size: 12pt;\"><span style=\"font-size: 18pt;\"><span style=\"font-size: 14pt;\">F\u00e0cil mecanitzat, igual que la fusta<\/span><\/span><\/span><\/span><\/li>\n<\/ul>\n<p>[\/vc_column_text][\/vc_column][\/vc_row][vc_row 0=&#8221;&#8221; full_width=&#8221;stretch_row_content&#8221;][vc_column 0=&#8221;&#8221;][vc_empty_space height=&#8221;20&#8243;][vc_row_inner content_placement=&#8221;middle&#8221;][vc_column_inner][vc_cta h2=&#8221;CERTIFICATS OBTINGUTS&#8221; txt_align=&#8221;center&#8221; style=&#8221;flat&#8221; el_width=&#8221;lg&#8221; add_button=&#8221;right&#8221; btn_title=&#8221;VEURE CERTIFICATS&#8221; btn_color=&#8221;green&#8221; btn_i_icon_fontawesome=&#8221;fa fa-search-plus&#8221; btn_add_icon=&#8221;true&#8221; btn_link=&#8221;url:https%3A%2F%2Falquienvasplastic.com%2Fcertificacion%2F|title:%5B%3Aca%5DCERTIFICACI%C3%93%5B%3Aen%5DCERTIFICATION%5B%3Afr%5DCERTIFICATION%5B%3Aes%5DCERTIFICACI%C3%93N%5B%3Ait%5DCERTIFICAZIONE%5B%3A%5D||&#8221;]Complim amb tots els millors certificats Europeus de garantia i de qualitat ambiental[\/vc_cta][\/vc_column_inner][\/vc_row_inner][\/vc_column][\/vc_row][vc_row type=&#8221;boxed&#8221; css=&#8221;.vc_custom_1713893433164{margin-bottom: 0px !important;border-bottom-width: 0px !important;padding-bottom: 0px !important;}&#8221;][vc_column 0=&#8221;&#8221;]    \n    <div class=\"title_subtitle\" style=\"text-align:center\">\n        <h3 style=\"color:#000000 !important; font-size:36px\">Amplia varietat en disseny<\/h3>\n        <hr class=\"title_subtitle_separator\" style=\"border-bottom-color:#000000\"><\/hr>            <\/div>\n\n\t[vc_column_text css=&#8221;.vc_custom_1595927828176{margin-bottom: 0px !important;border-bottom-width: 0px !important;padding-bottom: 0px !important;}&#8221;]Gr\u00e0cies als avantatges que tenen els productes de pl\u00e0stic reciclat i la seva versatilitat oferim l&#8217;estudi, el desenvolupament, construcci\u00f3 i la fabricaci\u00f3 de nous productes fets a mida.[\/vc_column_text][vc_column_text css=&#8221;.vc_custom_1595570423862{margin-bottom: 0px !important;border-bottom-width: 0px !important;padding-bottom: 0px !important;}&#8221;]<\/p>\n<p style=\"text-align: center;\"><strong>Possibles aplicacions:<\/strong><\/p>\n<p>[\/vc_column_text][vc_row_inner content_placement=&#8221;middle&#8221; type=&#8221;boxed&#8221; css=&#8221;.vc_custom_1713893382902{margin-top: 0px !important;border-top-width: 0px !important;padding-top: 0px !important;}&#8221;][vc_column_inner width=&#8221;1\/2&#8243; css=&#8221;.vc_custom_1497535216269{margin-top: 0px !important;border-top-width: 0px !important;padding-top: 0px !important;}&#8221;][vc_empty_space][vc_column_text 0=&#8221;&#8221;]<\/p>\n<ul>\n<li>Mobiliari urb\u00e0<\/li>\n<li>Parcs p\u00fablics<\/li>\n<li>Parcs infantils<\/li>\n<li>Senyalitzaci\u00f3 vi\u00e0ria<\/li>\n<li>Protecci\u00f3 ac\u00fastica<\/li>\n<li>Passarel\u00b7les mar\u00edtimes<\/li>\n<li>Horticultura i paisatge<\/li>\n<li>Agricultura<\/li>\n<\/ul>\n<p>[\/vc_column_text][\/vc_column_inner][vc_column_inner width=&#8221;1\/2&#8243;][vc_column_text 0=&#8221;&#8221;]<\/p>\n<ul>\n<li>Estables i quadres<\/li>\n<li>Protecci\u00f3 d&#8217;arbres<\/li>\n<li>Tancaments<\/li>\n<li>Enginyeria hidr\u00e0ulica<\/li>\n<li>Ind\u00fastria<\/li>\n<li>Construcci\u00f3<\/li>\n<li>Comer\u00e7<\/li>\n<li>Artesania<\/li>\n<\/ul>\n<p>[\/vc_column_text][\/vc_column_inner][\/vc_row_inner][\/vc_column][\/vc_row][vc_row full_width=&#8221;stretch_row_content_no_spaces&#8221;][vc_column][vc_empty_space height=&#8221;20&#8243;][vc_cta h2=&#8221;FABRIQUEM M\u00c9S DE 1000 REFER\u00c8NCIES DIFERENTS&#8221; txt_align=&#8221;center&#8221; style=&#8221;flat&#8221; el_width=&#8221;lg&#8221; add_button=&#8221;right&#8221; btn_title=&#8221;Contacta&#8221; btn_style=&#8221;flat&#8221; btn_color=&#8221;green&#8221; btn_i_icon_fontawesome=&#8221;fa fa-user&#8221; btn_add_icon=&#8221;true&#8221; btn_link=&#8221;url:https%3A%2F%2Falquienvasplastic.com%2Fcontacta%2F|||&#8221;]Podem realitzar altres dimensions dels productes sota comanda, i tamb\u00e9 es poden demanar altres colors m\u00e9s enll\u00e0 dels est\u00e0ndards.[\/vc_cta][\/vc_column][\/vc_row][vc_row][vc_column]    \n    <div class=\"title_subtitle\" style=\"text-align:center\">\n        <h3 style=\"color:#000000 !important; font-size:36px\">Economia Circular<\/h3>\n        <hr class=\"title_subtitle_separator\" style=\"border-bottom-color:#000000\"><\/hr>            <\/div>\n\n\t[vc_single_image image=&#8221;4981&#8243; img_size=&#8221;large&#8221; alignment=&#8221;center&#8221; onclick=&#8221;custom_link&#8221; img_link_target=&#8221;_blank&#8221; link=&#8221;https:\/\/greenprojectsolutions.com\/&#8221;][vc_empty_space height=&#8221;20&#8243;][vc_column_text]<strong>VALORITZACI\u00d3 DE RESIDUS MUNICIPALS PER A LA FABRICACI\u00d3 DE MOBILIARI URB\u00c0 AMB PL\u00c0STIC RECICLAT \u201cKM0\u201d<\/strong><\/p>\n<p>El nostre objectiu \u00e9s aconseguir un canvi global de mentalitat en la percepci\u00f3 del reciclatge de les persones i en la manera com beneficia el medi ambient. Ho fem fomentant accions espec\u00edfiques que promoguin una economia sostenible, ajudant a crear una societat proactiva i respectuosa amb el medi ambient.<\/p>\n<p>El <strong>mobiliari reciclat<\/strong> amb residu local permet <strong>conscienciar i sensibilitzar<\/strong> la ciutadania, mostrar la circularitat dels residus i plasmar els esfor\u00e7os dels usuaris en <strong>resultats tangibles<\/strong> al propi territori. La proposta incorpora un sistema de tra\u00e7abilitat que garanteix l&#8217;origen <strong>\u201cKm0\u201d<\/strong> de la mat\u00e8ria primera reciclada.<\/p>\n<p>Les solucions a mesura que proporcionem als nostres clients provenen de l&#8217;extensa experi\u00e8ncia al m\u00f3n del reciclatge i residus que hem guanyat al llarg dels anys. Combinar els nostres productes i serveis est\u00e0ndard, juntament amb els nous m\u00e8todes i sistemes de reciclatge, ens porta a oferir una soluci\u00f3 clau en m\u00e0 \u00fanica que satisfar\u00e0 totes les necessitats de reciclatge.[\/vc_column_text][\/vc_column][\/vc_row]<\/p>","protected":false},"excerpt":{"rendered":"<p>[vc_row 0=&#8221;&#8221; full_width=&#8221;stretch_row_content_no_spaces&#8221;][vc_column 0=&#8221;&#8221; width=&#8221;1\/6&#8243;][\/vc_column][vc_column width=&#8221;2\/3&#8243;][vc_single_image image=&#8221;3232&#8243; img_size=&#8221;full&#8221; alignment=&#8221;center&#8221;][vc_column_text]El material de ALQUIENVAS es compon de pl\u00e0stics secundaris. Els principals components d&#8217;aquestes barreges s\u00f3n de polietil\u00e8 (LDPE\/HDPE) i polipropil\u00e8 (PP). L&#8217;\u00fas d&#8217;aquests pl\u00e0stics reciclats t\u00e9 una puresa del material &gt;95%, \u00e9s el nou material que t\u00e9 cura del medi ambient i fa que els residus es [&hellip;]<\/p>\n","protected":false},"author":3,"featured_media":0,"parent":0,"menu_order":0,"comment_status":"closed","ping_status":"closed","template":"","meta":{"footnotes":""},"class_list":["post-600","page","type-page","status-publish","hentry"],"_links":{"self":[{"href":"https:\/\/alquienvasplastic.com\/ca\/wp-json\/wp\/v2\/pages\/600"}],"collection":[{"href":"https:\/\/alquienvasplastic.com\/ca\/wp-json\/wp\/v2\/pages"}],"about":[{"href":"https:\/\/alquienvasplastic.com\/ca\/wp-json\/wp\/v2\/types\/page"}],"author":[{"embeddable":true,"href":"https:\/\/alquienvasplastic.com\/ca\/wp-json\/wp\/v2\/users\/3"}],"replies":[{"embeddable":true,"href":"https:\/\/alquienvasplastic.com\/ca\/wp-json\/wp\/v2\/comments?post=600"}],"version-history":[{"count":29,"href":"https:\/\/alquienvasplastic.com\/ca\/wp-json\/wp\/v2\/pages\/600\/revisions"}],"predecessor-version":[{"id":4986,"href":"https:\/\/alquienvasplastic.com\/ca\/wp-json\/wp\/v2\/pages\/600\/revisions\/4986"}],"wp:attachment":[{"href":"https:\/\/alquienvasplastic.com\/ca\/wp-json\/wp\/v2\/media?parent=600"}],"curies":[{"name":"wp","href":"https:\/\/api.w.org\/{rel}","templated":true}]}}