{"id":460,"date":"2017-05-23T18:11:43","date_gmt":"2017-05-23T16:11:43","guid":{"rendered":"https:\/\/alquienvasplastic.com\/?page_id=460"},"modified":"2023-05-26T10:19:49","modified_gmt":"2023-05-26T08:19:49","slug":"certificacion","status":"publish","type":"page","link":"https:\/\/alquienvasplastic.com\/ca\/certificacion\/","title":{"rendered":"CERTIFICACI\u00d3"},"content":{"rendered":"<p>[vc_row css=&#8221;.vc_custom_1497112368221{margin-bottom: 0px !important;border-bottom-width: 0px !important;padding-bottom: 0px !important;}&#8221;][vc_column]    \n    <div class=\"title_subtitle\" style=\"text-align:center\">\n        <h3 style=\"color:#000000 !important; font-size:36px\">Certificats obtinguts<\/h3>\n        <hr class=\"title_subtitle_separator\" style=\"border-bottom-color:#000000\"><\/hr>            <\/div>\n\n\t[vc_row_inner][vc_column_inner width=&#8221;1\/2&#8243;][vc_single_image image=&#8221;557&#8243; img_size=&#8221;220&#215;220&#8243; alignment=&#8221;right&#8221;][\/vc_column_inner][vc_column_inner width=&#8221;1\/2&#8243;][vc_column_text]<\/p>\n<h3>Der Blaue Engel<\/h3>\n<p align=\"justify\">Aquest certificat distingeix els productes amb baixa incid\u00e8ncia ambiental durant el seu cicle de vida.<br \/>\nS&#8217;atorga als productes que compleixen amb els criteris propis de reducci\u00f3 de l&#8217;impacte ambiental en les etapes de fabricaci\u00f3 i reciclatge, embalatge, \u00fas, emissi\u00f3, recollida i rebuig. A m\u00e9s dels criteris ambientals, incorpora els de qualitat, seguretat, consum d&#8217;energia i altres. \u00c9s una de les etiquetes amb m\u00e9s prestigi\u00a0en l&#8217;\u00e0mbit mundial..<\/p>\n<p>[\/vc_column_text][\/vc_column_inner][\/vc_row_inner][vc_empty_space][vc_row_inner][vc_column_inner width=&#8221;1\/2&#8243;][vc_single_image image=&#8221;566&#8243; img_size=&#8221;220&#215;220&#8243; alignment=&#8221;right&#8221;][\/vc_column_inner][vc_column_inner width=&#8221;1\/2&#8243;][vc_column_text]<\/p>\n<h3>DIN EN 131<\/h3>\n<p align=\"justify\">Aquest \u00e9s un certificat que s&#8217;inclou en un projecte europeu per regular una normativa general de seguretat, requisits i \u00fas d&#8217;escales de m\u00e0.<\/p>\n<p>[\/vc_column_text][\/vc_column_inner][\/vc_row_inner][vc_empty_space][vc_row_inner][vc_column_inner width=&#8221;1\/2&#8243;][vc_single_image image=&#8221;565&#8243; img_size=&#8221;220&#215;220&#8243; alignment=&#8221;right&#8221;][\/vc_column_inner][vc_column_inner width=&#8221;1\/2&#8243;][vc_column_text]<\/p>\n<h3>DIN EN 71\/3<\/h3>\n<p align=\"justify\">Aquest certificat se centra en les condicions qu\u00edmiques dels materials que formen part de la comercialitzaci\u00f3 de joguines, obligats a complir amb la directiva comunit\u00e0ria sobre seguretat de les joguines (2009\/48\/CE).009\/48\/CE).<\/p>\n<p>[\/vc_column_text][\/vc_column_inner][\/vc_row_inner][vc_empty_space][vc_row_inner][vc_column_inner width=&#8221;1\/2&#8243;][vc_single_image image=&#8221;568&#8243; img_size=&#8221;220&#215;220&#8243; alignment=&#8221;right&#8221;][\/vc_column_inner][vc_column_inner width=&#8221;1\/2&#8243;][vc_column_text]<\/p>\n<h3>Reach<\/h3>\n<p align=\"justify\">Aquest certificat concedit per l&#8217;<a href=\"https:\/\/echa.europa.eu\/\" target=\"_blank\" rel=\"noopener noreferrer\">European Chemicals Agency<\/a> controla el registre, l&#8217;avaluaci\u00f3, l&#8217;autoritzaci\u00f3 i la restricci\u00f3 de subst\u00e0ncies i preparats qu\u00edmics, per garantir la seguretat dels productes que han estat elaborats amb aquests.<\/p>\n<p>[\/vc_column_text][\/vc_column_inner][\/vc_row_inner][vc_empty_space][vc_row_inner][vc_column_inner width=&#8221;1\/2&#8243;][vc_single_image image=&#8221;570&#8243; img_size=&#8221;220&#215;220&#8243; alignment=&#8221;right&#8221;][\/vc_column_inner][vc_column_inner width=&#8221;1\/2&#8243;][vc_column_text]<\/p>\n<h3>ISO 50001<\/h3>\n<p align=\"justify\">\u00c9s una normativa est\u00e0ndard internacional per mantenir i millorar el sistema de gesti\u00f3 de l&#8217;energia,\u00a0incloent-hi\u00a0l&#8217;efici\u00e8ncia energ\u00e8tica, la seguretat energ\u00e8tica, i l&#8217;\u00fas i consum de\u00a0la mateixa energia. Aquesta normativa promou que les organitzacions redueixin constantment el seu \u00fas d&#8217;energia, i d&#8217;aquesta manera els seus costos energ\u00e8tics i l&#8217;emissi\u00f3 de gasos d&#8217;efecte hivernacle.<\/p>\n<p>[\/vc_column_text][\/vc_column_inner][\/vc_row_inner][vc_row_inner][vc_column_inner width=&#8221;1\/2&#8243;][vc_single_image image=&#8221;571&#8243; img_size=&#8221;220&#215;220&#8243; alignment=&#8221;right&#8221;][\/vc_column_inner][vc_column_inner width=&#8221;1\/2&#8243;][vc_empty_space][vc_column_text]<\/p>\n<h3>ISO 14001<\/h3>\n<p align=\"justify\">Es tracta d&#8217;una altra normativa est\u00e0ndard internacional, que acredita la certificaci\u00f3 de protecci\u00f3 al medi ambient, i d\u00f3na suport a les mesures\u00a0ambientals de qualsevol organitzaci\u00f3 p\u00fablica o privada que vetllin per la protecci\u00f3 del medi ambient.<\/p>\n<p>[\/vc_column_text][\/vc_column_inner][\/vc_row_inner][vc_row_inner][vc_column_inner width=&#8221;1\/2&#8243;][vc_single_image image=&#8221;574&#8243; img_size=&#8221;220&#215;220&#8243; alignment=&#8221;right&#8221;][\/vc_column_inner][vc_column_inner width=&#8221;1\/2&#8243;][vc_empty_space][vc_column_text]<\/p>\n<h3>Eucertplast<\/h3>\n<p align=\"justify\">\u00c9s una certificaci\u00f3 que segueix els est\u00e0ndards europeus per poder avaluar el contingut del material reciclat provinent del reciclatge de pl\u00e0stics i garantir-ne la qualitat. Est\u00e0 destinada nom\u00e9s a les empreses que utilitzen pl\u00e0stic reciclat &#8220;postconsum&#8221;.<\/p>\n<p>[\/vc_column_text][\/vc_column_inner][\/vc_row_inner][\/vc_column][\/vc_row][vc_row content_placement=&#8221;middle&#8221;][vc_column width=&#8221;1\/4&#8243;][\/vc_column][vc_column width=&#8221;3\/4&#8243;]<div class=\"woocommerce columns-3\"><ul class=\"products columns-3\">\n<li class=\"product-category product first\">\n\t<\/li>\n<li class=\"product-category product\">\n\t<\/li>\n<li class=\"product-category product last\">\n\t<\/li>\n<li class=\"product-category product first\">\n\t<\/li>\n<li class=\"product-category product\">\n\t<\/li>\n<li class=\"product-category product last\">\n\t<\/li>\n<\/ul>\n<\/div>[\/vc_column][\/vc_row]<\/p>","protected":false},"excerpt":{"rendered":"<p>[vc_row css=&#8221;.vc_custom_1497112368221{margin-bottom: 0px !important;border-bottom-width: 0px !important;padding-bottom: 0px !important;}&#8221;][vc_column][vc_row_inner][vc_column_inner width=&#8221;1\/2&#8243;][vc_single_image image=&#8221;557&#8243; img_size=&#8221;220&#215;220&#8243; alignment=&#8221;right&#8221;][\/vc_column_inner][vc_column_inner width=&#8221;1\/2&#8243;][vc_column_text] Der Blaue Engel Aquest certificat distingeix els productes amb baixa incid\u00e8ncia ambiental durant el seu cicle de vida. S&#8217;atorga als productes que compleixen amb els criteris propis de reducci\u00f3 de l&#8217;impacte ambiental en les etapes de fabricaci\u00f3 i reciclatge, embalatge, \u00fas, emissi\u00f3, [&hellip;]<\/p>\n","protected":false},"author":3,"featured_media":0,"parent":0,"menu_order":0,"comment_status":"closed","ping_status":"closed","template":"","meta":{"footnotes":""},"class_list":["post-460","page","type-page","status-publish","hentry"],"_links":{"self":[{"href":"https:\/\/alquienvasplastic.com\/ca\/wp-json\/wp\/v2\/pages\/460"}],"collection":[{"href":"https:\/\/alquienvasplastic.com\/ca\/wp-json\/wp\/v2\/pages"}],"about":[{"href":"https:\/\/alquienvasplastic.com\/ca\/wp-json\/wp\/v2\/types\/page"}],"author":[{"embeddable":true,"href":"https:\/\/alquienvasplastic.com\/ca\/wp-json\/wp\/v2\/users\/3"}],"replies":[{"embeddable":true,"href":"https:\/\/alquienvasplastic.com\/ca\/wp-json\/wp\/v2\/comments?post=460"}],"version-history":[{"count":0,"href":"https:\/\/alquienvasplastic.com\/ca\/wp-json\/wp\/v2\/pages\/460\/revisions"}],"wp:attachment":[{"href":"https:\/\/alquienvasplastic.com\/ca\/wp-json\/wp\/v2\/media?parent=460"}],"curies":[{"name":"wp","href":"https:\/\/api.w.org\/{rel}","templated":true}]}}