{"id":458,"date":"2017-05-23T18:11:29","date_gmt":"2017-05-23T16:11:29","guid":{"rendered":"https:\/\/alquienvasplastic.com\/?page_id=458"},"modified":"2024-04-17T15:36:46","modified_gmt":"2024-04-17T13:36:46","slug":"quien-somos","status":"publish","type":"page","link":"https:\/\/alquienvasplastic.com\/ca\/quien-somos\/","title":{"rendered":"QUI SOM"},"content":{"rendered":"<p>[vc_row][vc_column][vc_video link=&#8221;https:\/\/youtu.be\/_FfhlR3pIe4&#8243;][vc_empty_space][\/vc_column][\/vc_row][vc_row][vc_column css=&#8221;.vc_custom_1497715235735{padding-top: 32px !important;padding-bottom: 32px !important;}&#8221;][vc_column_text]<\/p>\n<p style=\"text-align: justify;\">Alquienvas Group posa a disposici\u00f3 dels seus clients la m\u00e9s extensa gama de productes fabricats 100% de pl\u00e0stic reciclat procedent de la recollida selectiva urbana.<br \/>\nTots els productes presentats en aquest cat\u00e0leg, s\u00f3n el resultat de la m\u00e9s contrastada experi\u00e8ncia, tant amb la seva funcionalitat com en el seu disseny, que Alquienvas ha aconseguit durant els 25 anys treballa en aquest sector.<\/p>\n<p>[\/vc_column_text][vc_single_image image=&#8221;4188&#8243; img_size=&#8221;full&#8221; alignment=&#8221;center&#8221; style=&#8221;vc_box_border_circle&#8221;][vc_empty_space][vc_column_text]<\/p>\n<p style=\"text-align: justify;\">Alquienvas Group a m\u00e9s, assesora als seus clients amb la sel\u00b7lecci\u00f3 de les soluci\u00f3ns m\u00e9s id\u00f3nees per cada necessitat. Un r\u00e0pid suministrament y la seguretat d&#8217;optar sempre per la millor alternativa.<br \/>\nBrindem solucions integrals aconseguint una economia circular amb en el proc\u00e9s de reducci\u00f3 de residus ajudant a allargar la vida de productes i materials.<\/p>\n<p>[\/vc_column_text][\/vc_column][\/vc_row][vc_row][vc_column][vc_cta h2=&#8221;Assessorament + Proc\u00e9s + Materials + Comunicaci\u00f3 Ambiental = SOLUCI\u00d3 INTEGRAL&#8221; txt_align=&#8221;center&#8221; style=&#8221;flat&#8221; color=&#8221;green&#8221; add_button=&#8221;bottom&#8221; btn_title=&#8221;Consulti sense comprom\u00eds&#8221; btn_align=&#8221;center&#8221; btn_link=&#8221;url:https%3A%2F%2Falquienvasplastic.com%2Fcontacta%2F|||&#8221;]Realitzem des de l&#8217;assessorament fins a l&#8217;execuci\u00f3 de la soluci\u00f3 final del sistema de recollida, proc\u00e9s de reducci\u00f3 de residus, productes reciclats i campanyes de comunicaci\u00f3 ambiental, aconseguint la m\u00e0xima efic\u00e0cia i efici\u00e8ncia per als nostres clients.[\/vc_cta][\/vc_column][\/vc_row][vc_row][vc_column]    \n    <div class=\"title_subtitle\" style=\"text-align:center\">\n        <h3 style=\"color:#65ad00 !important; font-size:36px\">EMPRESES DEL GRUP<\/h3>\n        <hr class=\"title_subtitle_separator\" style=\"border-bottom-color:#65ad00\"><\/hr>            <\/div>\n\n\t[\/vc_column][\/vc_row][vc_row full_width=&#8221;stretch_row_content_no_spaces&#8221;][vc_column width=&#8221;1\/4&#8243;][vc_single_image image=&#8221;4559&#8243; img_size=&#8221;medium&#8221; alignment=&#8221;center&#8221; onclick=&#8221;custom_link&#8221; img_link_target=&#8221;_blank&#8221; link=&#8221;http:\/\/www.alquienvas.com&#8221;][vc_column_text]<\/p>\n<p style=\"text-align: center;\"><strong>Productes per la recollida selectiva de residus<\/strong><\/p>\n<p>[\/vc_column_text][\/vc_column][vc_column width=&#8221;1\/4&#8243;][vc_single_image image=&#8221;4561&#8243; img_size=&#8221;medium&#8221; alignment=&#8221;center&#8221; onclick=&#8221;custom_link&#8221; img_link_target=&#8221;_blank&#8221; link=&#8221;http:\/\/www.greenprojectsolutions.com&#8221;][vc_empty_space height=&#8221;15px&#8221;][vc_column_text]<\/p>\n<p style=\"text-align: center;\"><strong>Projectes i solucions en reciclatge i gesti\u00f3 de residus<\/strong><\/p>\n<p>[\/vc_column_text][\/vc_column][vc_column width=&#8221;1\/4&#8243;][vc_single_image image=&#8221;4562&#8243; img_size=&#8221;medium&#8221; alignment=&#8221;center&#8221; onclick=&#8221;custom_link&#8221; img_link_target=&#8221;_blank&#8221; link=&#8221;http:\/\/www.vicentsole.com&#8221;][vc_empty_space height=&#8221;15px&#8221;][vc_column_text]<\/p>\n<p style=\"text-align: center;\"><strong>Mobiliari i Equipaments<\/strong><\/p>\n<p>[\/vc_column_text][\/vc_column][vc_column width=&#8221;1\/4&#8243;][vc_single_image image=&#8221;4557&#8243; img_size=&#8221;medium&#8221; alignment=&#8221;center&#8221; onclick=&#8221;custom_link&#8221; img_link_target=&#8221;_blank&#8221; link=&#8221;http:\/\/alquienvas-smart.com&#8221;][vc_column_text]<\/p>\n<p style=\"text-align: center;\"><strong>Mobiliari per Ciutats Intel\u00b7ligents<br \/>\n<\/strong><\/p>\n<p>[\/vc_column_text][\/vc_column][\/vc_row][vc_row full_width=&#8221;stretch_row_content_no_spaces&#8221;][vc_column][vc_empty_space height=&#8221;52px&#8221;]    \n    <div class=\"title_subtitle\" style=\"text-align:center\">\n        <h3 style=\"color:#65ad00 !important; font-size:36px\">SERVEIS ADICIONALS<\/h3>\n        <hr class=\"title_subtitle_separator\" style=\"border-bottom-color:#65ad00\"><\/hr>            <\/div>\n\n\t[vc_row_inner][vc_column_inner width=&#8221;1\/4&#8243;][vc_icon icon_fontawesome=&#8221;fa fa-codepen&#8221; color=&#8221;green&#8221; align=&#8221;center&#8221; css=&#8221;.vc_custom_1507061441011{margin-bottom: 0px !important;border-bottom-width: 0px !important;padding-bottom: 0px !important;}&#8221;][vc_column_text]<\/p>\n<h3 style=\"text-align: center;\">EMMAGATZEMATGE<\/h3>\n<p>[\/vc_column_text][\/vc_column_inner][vc_column_inner width=&#8221;1\/4&#8243;][vc_icon icon_fontawesome=&#8221;fa fa-truck&#8221; color=&#8221;green&#8221; align=&#8221;center&#8221; css=&#8221;.vc_custom_1497715841579{margin-bottom: 0px !important;border-bottom-width: 0px !important;padding-bottom: 0px !important;}&#8221;][vc_column_text]<\/p>\n<h3 style=\"text-align: center;\">TRANSPORT<\/h3>\n<p>[\/vc_column_text][\/vc_column_inner][vc_column_inner width=&#8221;1\/4&#8243;][vc_icon icon_fontawesome=&#8221;fa fa-check-square-o&#8221; color=&#8221;green&#8221; align=&#8221;center&#8221; css=&#8221;.vc_custom_1507058697591{margin-bottom: 0px !important;padding-bottom: 0px !important;}&#8221;][vc_column_text]<\/p>\n<h3 style=\"text-align: center;\">DISTRIBUCI\u00d3<\/h3>\n<p>[\/vc_column_text][\/vc_column_inner][vc_column_inner width=&#8221;1\/4&#8243;][vc_icon icon_fontawesome=&#8221;fa fa-wrench&#8221; color=&#8221;green&#8221; align=&#8221;center&#8221; css=&#8221;.vc_custom_1497716260534{margin-bottom: 0px !important;border-bottom-width: 0px !important;padding-bottom: 0px !important;}&#8221;][vc_column_text]<\/p>\n<h3 style=\"text-align: center;\">MUNTATGE<\/h3>\n<p>[\/vc_column_text][\/vc_column_inner][\/vc_row_inner][vc_row_inner][vc_column_inner width=&#8221;1\/4&#8243;][vc_icon icon_fontawesome=&#8221;fa fa-history&#8221; color=&#8221;green&#8221; align=&#8221;center&#8221; css=&#8221;.vc_custom_1497716217500{margin-bottom: 0px !important;border-bottom-width: 0px !important;padding-bottom: 0px !important;}&#8221;][vc_column_text]<\/p>\n<h3 style=\"text-align: center;\">MANTENIMENT<\/h3>\n<p>[\/vc_column_text][\/vc_column_inner][vc_column_inner width=&#8221;1\/4&#8243;][vc_icon icon_fontawesome=&#8221;fa fa-envira&#8221; color=&#8221;green&#8221; align=&#8221;center&#8221; css=&#8221;.vc_custom_1497716319540{margin-bottom: 0px !important;border-bottom-width: 0px !important;padding-bottom: 0px !important;}&#8221;][vc_column_text]<\/p>\n<h3 style=\"text-align: center;\">CAMPANYA SENSIBILIZACI\u00d3<\/h3>\n<p>[\/vc_column_text][\/vc_column_inner][vc_column_inner width=&#8221;1\/4&#8243;][vc_icon icon_fontawesome=&#8221;fa fa-tasks&#8221; color=&#8221;green&#8221; align=&#8221;center&#8221; css=&#8221;.vc_custom_1507061704510{margin-bottom: 0px !important;padding-bottom: 0px !important;}&#8221;][vc_column_text]<\/p>\n<h3 style=\"text-align: center;\">CONTROL DE GESTI\u00d3<\/h3>\n<p>[\/vc_column_text][\/vc_column_inner][vc_column_inner width=&#8221;1\/4&#8243;][vc_icon icon_fontawesome=&#8221;fa fa-calendar&#8221; color=&#8221;green&#8221; align=&#8221;center&#8221; css=&#8221;.vc_custom_1497716505817{margin-bottom: 0px !important;border-bottom-width: 0px !important;padding-bottom: 0px !important;}&#8221;][vc_column_text]<\/p>\n<h3 style=\"text-align: center;\">FINAN\u00c7AMENT<\/h3>\n<p>[\/vc_column_text][\/vc_column_inner][\/vc_row_inner][vc_empty_space height=&#8221;52px&#8221;][\/vc_column][\/vc_row][vc_row][vc_column width=&#8221;1\/2&#8243;][vc_single_image image=&#8221;4418&#8243; img_size=&#8221;600&#215;300&#8243; alignment=&#8221;center&#8221; style=&#8221;vc_box_border_circle&#8221;][\/vc_column][vc_column width=&#8221;1\/2&#8243;][vc_single_image image=&#8221;4419&#8243; img_size=&#8221;600&#215;300&#8243; alignment=&#8221;center&#8221; style=&#8221;vc_box_border_circle&#8221;][\/vc_column][\/vc_row][vc_row][vc_column][vc_empty_space height=&#8221;52px&#8221;][\/vc_column][\/vc_row][vc_row][vc_column]    \n    <div class=\"title_subtitle\" style=\"text-align:center\">\n        <h3 style=\"color:#65ad00 !important; font-size:36px\">CERTIFICACI\u00d3NS<\/h3>\n        <hr class=\"title_subtitle_separator\" style=\"border-bottom-color:#65ad00\"><\/hr>            <\/div>\n\n\t[\/vc_column][\/vc_row][vc_row][vc_column width=&#8221;1\/3&#8243;][vc_single_image image=&#8221;4433&#8243; alignment=&#8221;center&#8221;][\/vc_column][vc_column width=&#8221;1\/3&#8243;][vc_single_image image=&#8221;4432&#8243; alignment=&#8221;center&#8221;][\/vc_column][vc_column width=&#8221;1\/3&#8243;][vc_single_image image=&#8221;4431&#8243; alignment=&#8221;center&#8221;][\/vc_column][\/vc_row]<\/p>","protected":false},"excerpt":{"rendered":"<p>[vc_row][vc_column][vc_video link=&#8221;https:\/\/youtu.be\/_FfhlR3pIe4&#8243;][vc_empty_space][\/vc_column][\/vc_row][vc_row][vc_column css=&#8221;.vc_custom_1497715235735{padding-top: 32px !important;padding-bottom: 32px !important;}&#8221;][vc_column_text] Alquienvas Group posa a disposici\u00f3 dels seus clients la m\u00e9s extensa gama de productes fabricats 100% de pl\u00e0stic reciclat procedent de la recollida selectiva urbana. Tots els productes presentats en aquest cat\u00e0leg, s\u00f3n el resultat de la m\u00e9s contrastada experi\u00e8ncia, tant amb la seva funcionalitat com en el [&hellip;]<\/p>\n","protected":false},"author":3,"featured_media":0,"parent":0,"menu_order":0,"comment_status":"closed","ping_status":"closed","template":"","meta":{"footnotes":""},"class_list":["post-458","page","type-page","status-publish","hentry"],"_links":{"self":[{"href":"https:\/\/alquienvasplastic.com\/ca\/wp-json\/wp\/v2\/pages\/458"}],"collection":[{"href":"https:\/\/alquienvasplastic.com\/ca\/wp-json\/wp\/v2\/pages"}],"about":[{"href":"https:\/\/alquienvasplastic.com\/ca\/wp-json\/wp\/v2\/types\/page"}],"author":[{"embeddable":true,"href":"https:\/\/alquienvasplastic.com\/ca\/wp-json\/wp\/v2\/users\/3"}],"replies":[{"embeddable":true,"href":"https:\/\/alquienvasplastic.com\/ca\/wp-json\/wp\/v2\/comments?post=458"}],"version-history":[{"count":42,"href":"https:\/\/alquienvasplastic.com\/ca\/wp-json\/wp\/v2\/pages\/458\/revisions"}],"predecessor-version":[{"id":4704,"href":"https:\/\/alquienvasplastic.com\/ca\/wp-json\/wp\/v2\/pages\/458\/revisions\/4704"}],"wp:attachment":[{"href":"https:\/\/alquienvasplastic.com\/ca\/wp-json\/wp\/v2\/media?parent=458"}],"curies":[{"name":"wp","href":"https:\/\/api.w.org\/{rel}","templated":true}]}}