{"id":2782,"date":"2020-03-19T10:36:33","date_gmt":"2020-03-19T08:36:33","guid":{"rendered":"https:\/\/alquienvasplastic.com\/?page_id=2782"},"modified":"2025-05-05T16:46:52","modified_gmt":"2025-05-05T14:46:52","slug":"proyectos","status":"publish","type":"page","link":"https:\/\/alquienvasplastic.com\/ca\/proyectos\/","title":{"rendered":"PROJECTES"},"content":{"rendered":"<p>[vc_row full_width=&#8221;stretch_row_content_no_spaces&#8221;][vc_column][vc_cta h2=&#8221;PROJECTES A MIDA:&#8221; txt_align=&#8221;center&#8221; el_width=&#8221;lg&#8221;]Estudiem projectes adaptats a les necessitats de cada client per al seu correcte desenvolupament. Elaborem els projectes pensant en la millor relaci\u00f3 qualitat\/preu i garantint el seu funcionament.[\/vc_cta][\/vc_column][\/vc_row][vc_row full_width=&#8221;stretch_row_content_no_spaces&#8221;][vc_column][vc_cta h2=&#8221;VALORITZACI\u00d3 DE RESIDUS MUNICIPALS&#8221; h4=&#8221;PER A LA FABRICACI\u00d3 DE MOBILIARI URB\u00c0 AMB PL\u00c0STIC RECICLAT \u201cKM 0\u201d&#8221; txt_align=&#8221;center&#8221; el_width=&#8221;lg&#8221;]El nostre objectiu \u00e9s aconseguir un canvi global de mentalitat en la percepci\u00f3 del reciclatge de les persones i en la manera com beneficia al nostre entorn i al medi ambient. Ho fem fomentant accions espec\u00edfiques que promoguin una economia sostenible, ajudant a crear una societat proactiva i respectuosa amb el medi ambient.<\/p>\n<p>El\u00a0<strong>mobiliari de pl\u00e0stic 100% reciclat<\/strong>\u00a0amb residu local permet\u00a0<strong>conscienciar i sensibilitzar<\/strong>\u00a0la ciutadania, mostrar la circularitat dels residus i plasmar els esfor\u00e7os dels usuaris en\u00a0<strong>resultats tangibles<\/strong>\u00a0al propi territori. La proposta incorpora un sistema de tra\u00e7abilitat que garanteix l\u2019origen\u00a0<strong>\u201cKm0\u201d<\/strong>\u00a0de la mat\u00e8ria primera reciclada.<\/p>\n<p>Les solucions a mesura que proporcionem als nostres clients provenen de l\u2019extensa experi\u00e8ncia al m\u00f3n del reciclatge i residus que hem adquirit durant m\u00e9s de 25 anys. Combinar els nostres productes i serveis est\u00e0ndard, juntament amb els nous m\u00e8todes i sistemes de reciclatge i fabricaci\u00f3, ens aporta poder oferir una soluci\u00f3 clau en m\u00e0 \u00fanica que satisfar\u00e0 totes les necessitats.[\/vc_cta][\/vc_column][\/vc_row][vc_row][vc_column][vc_column_text]Presentem alguns dels \u00faltims projectes fets en pl\u00e0stic 100% reciclat on les Administracions P\u00fabliques, Empreses de Construcci\u00f3, Empreses Privades i Particulars han confiat amb Alquienvas que porta m\u00e9s de 20 anys treballant aquest material:[\/vc_column_text][\/vc_column][\/vc_row][vc_row full_width=&#8221;stretch_row_content_no_spaces&#8221;][vc_column width=&#8221;1\/6&#8243;][\/vc_column][vc_column width=&#8221;2\/3&#8243;][vc_tta_tabs][vc_tta_section title=&#8221;Tots&#8221; tab_id=&#8221;tots&#8221;][vc_basic_grid post_type=&#8221;post&#8221; max_items=&#8221;-1&#8243; element_width=&#8221;3&#8243; item=&#8221;4801&#8243; grid_id=&#8221;vc_gid:1746455609776-1fc3b288-7e59-8&#8243;][\/vc_tta_section][vc_tta_section title=&#8221;Ecopunts&#8221; tab_id=&#8221;1742284053739-ab7c71a7-09fb&#8221;][vc_basic_grid post_type=&#8221;post&#8221; max_items=&#8221;-1&#8243; element_width=&#8221;3&#8243; item=&#8221;4801&#8243; grid_id=&#8221;vc_gid:1746455609776-2696c8f7-6715-3&#8243; taxonomies=&#8221;262&#8243;][\/vc_tta_section][vc_tta_section title=&#8221;Mobiliari urb\u00e0&#8221; tab_id=&#8221;mobiliari&#8221;][vc_basic_grid post_type=&#8221;post&#8221; max_items=&#8221;-1&#8243; element_width=&#8221;3&#8243; item=&#8221;4801&#8243; grid_id=&#8221;vc_gid:1746455609776-2dc7be51-a3bf-3&#8243; taxonomies=&#8221;265&#8243;][\/vc_tta_section][vc_tta_section title=&#8221;Tancaments&#8221; tab_id=&#8221;tancaments&#8221;][vc_basic_grid post_type=&#8221;post&#8221; max_items=&#8221;-1&#8243; element_width=&#8221;3&#8243; item=&#8221;4801&#8243; grid_id=&#8221;vc_gid:1746455609776-616967b8-70ec-9&#8243; taxonomies=&#8221;263&#8243;][\/vc_tta_section][vc_tta_section title=&#8221;Passarel\u00b7les i tarimes&#8221; tab_id=&#8221;passarel\u00b7les&#8221;][vc_basic_grid post_type=&#8221;post&#8221; max_items=&#8221;-1&#8243; element_width=&#8221;3&#8243; item=&#8221;4801&#8243; grid_id=&#8221;vc_gid:1746455609777-56d61b72-9e65-4&#8243; taxonomies=&#8221;266&#8243;][\/vc_tta_section][vc_tta_section title=&#8221;Edificaci\u00f3 i construcci\u00f3&#8221; tab_id=&#8221;edificacio&#8221;][vc_basic_grid post_type=&#8221;post&#8221; max_items=&#8221;-1&#8243; element_width=&#8221;3&#8243; item=&#8221;4801&#8243; grid_id=&#8221;vc_gid:1746455609777-344a993a-7e32-2&#8243; taxonomies=&#8221;264&#8243;][\/vc_tta_section][\/vc_tta_tabs][\/vc_column][vc_column width=&#8221;1\/6&#8243;][\/vc_column][\/vc_row][vc_row][vc_column][vc_column_text]<\/p>\n<p>[\/vc_column_text][\/vc_column][\/vc_row]<\/p>","protected":false},"excerpt":{"rendered":"<p>[vc_row full_width=&#8221;stretch_row_content_no_spaces&#8221;][vc_column][vc_cta h2=&#8221;PROJECTES A MIDA:&#8221; txt_align=&#8221;center&#8221; el_width=&#8221;lg&#8221;]Estudiem projectes adaptats a les necessitats de cada client per al seu correcte desenvolupament. Elaborem els projectes pensant en la millor relaci\u00f3 qualitat\/preu i garantint el seu funcionament.[\/vc_cta][\/vc_column][\/vc_row][vc_row full_width=&#8221;stretch_row_content_no_spaces&#8221;][vc_column][vc_cta h2=&#8221;VALORITZACI\u00d3 DE RESIDUS MUNICIPALS&#8221; h4=&#8221;PER A LA FABRICACI\u00d3 DE MOBILIARI URB\u00c0 AMB PL\u00c0STIC RECICLAT \u201cKM 0\u201d&#8221; txt_align=&#8221;center&#8221; el_width=&#8221;lg&#8221;]El nostre objectiu [&hellip;]<\/p>\n","protected":false},"author":3,"featured_media":0,"parent":0,"menu_order":0,"comment_status":"closed","ping_status":"closed","template":"","meta":{"footnotes":""},"class_list":["post-2782","page","type-page","status-publish","hentry"],"_links":{"self":[{"href":"https:\/\/alquienvasplastic.com\/ca\/wp-json\/wp\/v2\/pages\/2782"}],"collection":[{"href":"https:\/\/alquienvasplastic.com\/ca\/wp-json\/wp\/v2\/pages"}],"about":[{"href":"https:\/\/alquienvasplastic.com\/ca\/wp-json\/wp\/v2\/types\/page"}],"author":[{"embeddable":true,"href":"https:\/\/alquienvasplastic.com\/ca\/wp-json\/wp\/v2\/users\/3"}],"replies":[{"embeddable":true,"href":"https:\/\/alquienvasplastic.com\/ca\/wp-json\/wp\/v2\/comments?post=2782"}],"version-history":[{"count":102,"href":"https:\/\/alquienvasplastic.com\/ca\/wp-json\/wp\/v2\/pages\/2782\/revisions"}],"predecessor-version":[{"id":5006,"href":"https:\/\/alquienvasplastic.com\/ca\/wp-json\/wp\/v2\/pages\/2782\/revisions\/5006"}],"wp:attachment":[{"href":"https:\/\/alquienvasplastic.com\/ca\/wp-json\/wp\/v2\/media?parent=2782"}],"curies":[{"name":"wp","href":"https:\/\/api.w.org\/{rel}","templated":true}]}}