{"id":130,"date":"2015-09-30T09:49:11","date_gmt":"2015-09-30T07:49:11","guid":{"rendered":"http:\/\/import.getbowtied.com\/the-retailer-v1.1\/?page_id=130"},"modified":"2020-07-28T16:15:50","modified_gmt":"2020-07-28T14:15:50","slug":"faqs","status":"publish","type":"page","link":"https:\/\/alquienvasplastic.com\/ca\/faqs\/","title":{"rendered":"Faqs"},"content":{"rendered":"<p>[vc_row css=&#8221;.vc_custom_1498415176708{padding-top: 4% !important;padding-bottom: 4% !important;background-color: #315e94 !important;background-position: center !important;background-repeat: no-repeat !important;background-size: cover !important;}&#8221; background_style=&#8221;normal&#8221; font_color=&#8221;#ffffff&#8221;][vc_column 0=&#8221;&#8221;][vc_row_inner type=&#8221;boxed&#8221;][vc_column_inner 0=&#8221;&#8221;]    \n    <div class=\"title_subtitle\" style=\"text-align:center\">\n        <h3 style=\"color:#ffffff !important; font-size:40px\">FAQS - Preguntes freq\u00fcents<\/h3>\n        <hr class=\"title_subtitle_separator\" style=\"border-bottom-color:#ffffff\"><\/hr>        <h4 style=\"color:#ffffff !important; font-size:15px\">En aquesta p\u00e0gina donem resposta a totes les seves possibles dubtes. Si no troba la soluci\u00f3 que est\u00e0 buscant, pot posar-se en contacte amb nosaltres<\/h4>    <\/div>\n\n\t[\/vc_column_inner][\/vc_row_inner][\/vc_column][\/vc_row][vc_row type=&#8221;boxed&#8221; background_style=&#8221;normal&#8221; css=&#8221;.vc_custom_1404742475971{margin-top: 75px !important;}&#8221;][vc_column width=&#8221;1\/4&#8243;]    \n    <div class=\"title_subtitle\" style=\"text-align:left\">\n        <h3 style=\"color:#315e94 !important; font-size:24px\">Material<\/h3>\n        <hr class=\"title_subtitle_separator\" style=\"border-bottom-color:#315e94\"><\/hr>            <\/div>\n\n\t[\/vc_column][vc_column width=&#8221;3\/4&#8243;][vc_tta_accordion shape=&#8221;square&#8221; color=&#8221;white&#8221; c_icon=&#8221;chevron&#8221; active_section=&#8221;1&#8243; no_fill=&#8221;true&#8221;][vc_tta_section title=&#8221;Que \u00e9s el pl\u00e0stic reciclat?&#8221; tab_id=&#8221;1435912969194-860fc9af-a813&#8243;][vc_column_text 0=&#8221;&#8221;]<\/p>\n<p style=\"text-align: justify;\">El <b>pl\u00e0stic reciclat<\/b> \u00e9s un material format per pl\u00e0stic 100% reciclat que t\u00e9 nombrosos avantatges sobre la fusta natural.\u00a0A Espanya tamb\u00e9 s&#8217;utilitza la denominaci\u00f3 fusta pl\u00e0stica per referir-se a un material de menor qualitat.<\/p>\n<p>[\/vc_column_text][\/vc_tta_section][vc_tta_section title=&#8221;Puc comprar els productes de Alquienvas?&#8221; tab_id=&#8221;1435912969710-460c83b5-290b&#8221;][vc_column_text 0=&#8221;&#8221;]<\/p>\n<p style=\"text-align: justify;\">Per descomptat, pot fer-nos una comanda per tel\u00e8fon al 973 58 60 67, o per correu electronic a la direcci\u00f3n plastic@alquienvas.com<\/p>\n<p>[\/vc_column_text][\/vc_tta_section][\/vc_tta_accordion][\/vc_column][\/vc_row][vc_row css=&#8221;.vc_custom_1404801462081{margin-top: 75px !important;}&#8221; background_style=&#8221;normal&#8221;][vc_column 0=&#8221;&#8221;][vc_separator 0=&#8221;&#8221;][\/vc_column][\/vc_row][vc_row type=&#8221;boxed&#8221; background_style=&#8221;normal&#8221; css=&#8221;.vc_custom_1404742510204{margin-top: 75px !important;}&#8221;][vc_column width=&#8221;1\/4&#8243;]    \n    <div class=\"title_subtitle\" style=\"text-align:left\">\n        <h3 style=\"color:#315e94 !important; font-size:24px\">Aplicacions<\/h3>\n        <hr class=\"title_subtitle_separator\" style=\"border-bottom-color:#315e94\"><\/hr>            <\/div>\n\n\t[\/vc_column][vc_column width=&#8221;3\/4&#8243;][vc_tta_accordion shape=&#8221;square&#8221; color=&#8221;white&#8221; c_icon=&#8221;chevron&#8221; active_section=&#8221;1&#8243; no_fill=&#8221;true&#8221;][vc_tta_section title=&#8221;Quins s\u00f3n els avantatges del mobiliari de pl\u00e0stic 100% reciclat &#8220;?&#8221; tab_id=&#8221;1435913705259-76210349-7fde&#8221;][vc_column_text 0=&#8221;&#8221;]<\/p>\n<p style=\"text-align: justify;\">Els avantatges del mobiliari de pl\u00e0stic 100% reciclat s\u00f3n:<\/p>\n<ul>\n<li>ECONOMICS<\/li>\n<li>ECOLOGICS<\/li>\n<li>PRACTICS<\/li>\n<\/ul>\n<p>[\/vc_column_text][\/vc_tta_section][\/vc_tta_accordion][\/vc_column][\/vc_row][vc_row css=&#8221;.vc_custom_1404801462081{margin-top: 75px !important;}&#8221; background_style=&#8221;normal&#8221;][vc_column 0=&#8221;&#8221;][vc_separator 0=&#8221;&#8221;][\/vc_column][\/vc_row][vc_row type=&#8221;boxed&#8221; background_style=&#8221;normal&#8221; css=&#8221;.vc_custom_1404742510204{margin-top: 75px !important;}&#8221;][vc_column width=&#8221;1\/4&#8243;]    \n    <div class=\"title_subtitle\" style=\"text-align:left\">\n        <h3 style=\"color:#315e94 !important; font-size:24px\">Productes<\/h3>\n        <hr class=\"title_subtitle_separator\" style=\"border-bottom-color:#315e94\"><\/hr>            <\/div>\n\n\t[\/vc_column][vc_column width=&#8221;3\/4&#8243;][vc_tta_accordion shape=&#8221;square&#8221; color=&#8221;white&#8221; c_icon=&#8221;chevron&#8221; active_section=&#8221;1&#8243; no_fill=&#8221;true&#8221;][vc_tta_section title=&#8221;Quines mesures tenen els pals de plastic reciclat?&#8221; tab_id=&#8221;1498415083721-6a017a0b-ccbc&#8221;][vc_column_text 0=&#8221;&#8221;]<\/p>\n<p style=\"text-align: justify;\">Els pals de <strong>plastic reciclat<\/strong>, s\u00f3n pals de pl\u00e0stic 100% reciclat, poden tenir diferents mesures tant de gruix com de longitud. En Alquienvas Group disposem d&#8217;una amplia gamma de pals de <strong>plastic reciclat<\/strong>.<\/p>\n<p>[\/vc_column_text][\/vc_tta_section][\/vc_tta_accordion][\/vc_column][\/vc_row][vc_row css=&#8221;.vc_custom_1497717830532{margin-top: 75px !important;padding-top: 25px !important;padding-bottom: 25px !important;background-color: #315e94 !important;}&#8221; background_style=&#8221;normal&#8221;][vc_column 0=&#8221;&#8221;]    \n    <div class=\"title_subtitle\" style=\"text-align:center\">\n        <h3 style=\"color:#ffffff !important; font-size:24px\">T\u00e9 alguna altra pregunta?<\/h3>\n                    <\/div>\n\n\t[vc_btn title=&#8221;Contacti amb nosaltres&#8221; style=&#8221;flat&#8221; shape=&#8221;square&#8221; size=&#8221;lg&#8221; align=&#8221;center&#8221; link=&#8221;url:https%3A%2F%2Falquienvasplastic.com%2Fcontacta%2F|||&#8221;][\/vc_column][\/vc_row]<\/p>","protected":false},"excerpt":{"rendered":"<p>[vc_row css=&#8221;.vc_custom_1498415176708{padding-top: 4% !important;padding-bottom: 4% !important;background-color: #315e94 !important;background-position: center !important;background-repeat: no-repeat !important;background-size: cover !important;}&#8221; background_style=&#8221;normal&#8221; font_color=&#8221;#ffffff&#8221;][vc_column 0=&#8221;&#8221;][vc_row_inner type=&#8221;boxed&#8221;][vc_column_inner 0=&#8221;&#8221;][\/vc_column_inner][\/vc_row_inner][\/vc_column][\/vc_row][vc_row type=&#8221;boxed&#8221; background_style=&#8221;normal&#8221; css=&#8221;.vc_custom_1404742475971{margin-top: 75px !important;}&#8221;][vc_column width=&#8221;1\/4&#8243;][\/vc_column][vc_column width=&#8221;3\/4&#8243;][vc_tta_accordion shape=&#8221;square&#8221; color=&#8221;white&#8221; c_icon=&#8221;chevron&#8221; active_section=&#8221;1&#8243; no_fill=&#8221;true&#8221;][vc_tta_section title=&#8221;Que \u00e9s el pl\u00e0stic reciclat?&#8221; tab_id=&#8221;1435912969194-860fc9af-a813&#8243;][vc_column_text 0=&#8221;&#8221;] El pl\u00e0stic reciclat \u00e9s un material format per pl\u00e0stic 100% reciclat que t\u00e9 nombrosos avantatges sobre la [&hellip;]<\/p>\n","protected":false},"author":3,"featured_media":0,"parent":0,"menu_order":0,"comment_status":"closed","ping_status":"closed","template":"page-full_single_footer.php","meta":{"footnotes":""},"class_list":["post-130","page","type-page","status-publish","hentry"],"_links":{"self":[{"href":"https:\/\/alquienvasplastic.com\/ca\/wp-json\/wp\/v2\/pages\/130"}],"collection":[{"href":"https:\/\/alquienvasplastic.com\/ca\/wp-json\/wp\/v2\/pages"}],"about":[{"href":"https:\/\/alquienvasplastic.com\/ca\/wp-json\/wp\/v2\/types\/page"}],"author":[{"embeddable":true,"href":"https:\/\/alquienvasplastic.com\/ca\/wp-json\/wp\/v2\/users\/3"}],"replies":[{"embeddable":true,"href":"https:\/\/alquienvasplastic.com\/ca\/wp-json\/wp\/v2\/comments?post=130"}],"version-history":[{"count":0,"href":"https:\/\/alquienvasplastic.com\/ca\/wp-json\/wp\/v2\/pages\/130\/revisions"}],"wp:attachment":[{"href":"https:\/\/alquienvasplastic.com\/ca\/wp-json\/wp\/v2\/media?parent=130"}],"curies":[{"name":"wp","href":"https:\/\/api.w.org\/{rel}","templated":true}]}}